{"id":1701,"date":"2023-06-09T10:01:48","date_gmt":"2023-06-09T10:01:48","guid":{"rendered":"https:\/\/electracasado.com\/news\/"},"modified":"2024-09-30T07:12:41","modified_gmt":"2024-09-30T07:12:41","slug":"energy-industry-news","status":"publish","type":"page","link":"https:\/\/electracasado.com\/en\/energy-industry-news\/","title":{"rendered":"Energy industry news"},"content":{"rendered":"\t\t<div data-elementor-type=\"wp-page\" data-elementor-id=\"1701\" class=\"elementor elementor-1701 elementor-162\" data-elementor-post-type=\"page\">\n\t\t\t\t\t\t<section class=\"elementor-section elementor-top-section elementor-element elementor-element-74936d65 cspt-bg-color-yes cspt-elementor-bg-color-white cspt-col-stretched-none cspt-bg-color-over-image elementor-section-boxed elementor-section-height-default elementor-section-height-default\" data-id=\"74936d65\" data-element_type=\"section\">\n\t\t\t\t\t\t<div class=\"elementor-container elementor-column-gap-wider\">\n\t\t\t\t\t<div class=\"elementor-column elementor-col-50 elementor-top-column elementor-element elementor-element-71bd8110 cspt-bg-color-over-image\" data-id=\"71bd8110\" data-element_type=\"column\">\n\t\t\t<div class=\"elementor-widget-wrap elementor-element-populated\">\n\t\t\t\t\t\t<div class=\"elementor-element elementor-element-7f30281 elementor-widget elementor-widget-heading\" data-id=\"7f30281\" data-element_type=\"widget\" data-widget_type=\"heading.default\">\n\t\t\t\t<div class=\"elementor-widget-container\">\n\t\t\t\t\t<h2 class=\"elementor-heading-title elementor-size-default\">Electra Casado News: Solar Energy and Electrical Installations<\/h2>\t\t\t\t<\/div>\n\t\t\t\t<\/div>\n\t\t\t\t<div class=\"elementor-element elementor-element-d83f8ea elementor-widget elementor-widget-text-editor\" data-id=\"d83f8ea\" data-element_type=\"widget\" data-widget_type=\"text-editor.default\">\n\t\t\t\t<div class=\"elementor-widget-container\">\n\t\t\t\t\t\t\t\t\t<p>Stay informed about the latest trends and news in the energy sector. On our blog you will find articles about photovoltaic installations, energy efficiency, home automation and much more.<\/p>\n<p>\n\t\t\t\t\t\t\t\t<\/div>\n\t\t\t\t<\/div>\n\t\t\t\t<div class=\"elementor-element elementor-element-4cd6c942 elementor-widget elementor-widget-cspt_blog_element\" data-id=\"4cd6c942\" data-element_type=\"widget\" data-widget_type=\"cspt_blog_element.default\">\n\t\t\t\t<div class=\"elementor-widget-container\">\n\t\t\t\t\t\r\n\t\t<div class=\"creativesplanet-element creativesplanet-element-blog cspt-element-blog-style-3 creativesplanet-element-viewtype-row-column creativesplanet-gap-30px\" data-show=\"12\" data-columns=\"1\" data-loop=\"false\" data-autoplay=\"false\" data-center=\"false\" data-nav=\"false\" data-dots=\"false\" data-autoplayspeed=\"1000\" data-margin=\"30px\"><div class=\"creativesplanet-element-inner\">\r\n\t\t\r\n\t\t\t<div class=\"cspt-ele-header-area\">\r\n\t\t\t\t\t<div class=\"cspt-heading-subheading -align \"><\/div>\r\n\t\t\t\t\r\n\t\t\t<\/div>\r\n\r\n\t\t\t<div class=\"cspt-element-posts-wrapper row multi-columns-row\">\r\n\r\n\t\t\t<div class=\"cspt-ele cspt-blog-ele col-md-12 solar-panels\"><article class=\"creativesplanet-ele creativesplanet-ele-blog cspt-blogbox-style-3 post-1675 post type-post status-publish format-standard has-post-thumbnail hentry category-solar-panels tag-energy-en\">\r\n\t<div class=\"post-item\">\r\n\t\t<div class=\"cspt-featured-container\">\t\t\t\t\r\n\t\t\t<div class=\"cspt-featured-wrapper\"><a href=\"https:\/\/electracasado.com\/en\/10-energy-trends-that-will-change-the-worlds-course-to-a-more-renewable-future\/\"><img fetchpriority=\"high\" decoding=\"async\" width=\"770\" height=\"430\" src=\"https:\/\/electracasado.com\/wp-content\/uploads\/2023\/02\/tendencias-renovables-770x430.jpg\" class=\"attachment-cspt-img-770x430 size-cspt-img-770x430 wp-post-image\" alt=\"Tendencia de energ\u00eda renovable\" data-id=\"1554\" \/><\/a><\/div>\t\r\n\t\t<\/div>\r\n\t\t<div class=\"creativesplanet-box-content\">\t\r\n\t\t\t<div class=\"cspt-meta-container\">\r\n\t\t\t\t\t<span class=\"cspt-meta cspt-meta-date\"><a href=\"https:\/\/electracasado.com\/en\/10-energy-trends-that-will-change-the-worlds-course-to-a-more-renewable-future\/\" rel=\"bookmark\"><time class=\"entry-date published\">09 Jun, 2023<\/time><time class=\"updated cspt-hide\">11 Jul, 2023<\/time><\/a><\/span>\r\n\t\t\t\t<\/div>\r\n\t\t\t<h3 class=\"cspt-post-title\"><a href=\"https:\/\/electracasado.com\/en\/10-energy-trends-that-will-change-the-worlds-course-to-a-more-renewable-future\/\">10 energy trends that will change the world&#8217;s course to a more renewable future<\/a><\/h3>\r\n\t\t\t<div class=\"creativesplanet-box-desc\">\r\n\t\t\t\t<div class=\"creativesplanet-box-desc-text\">\r\n\t\t\t\t\t<p>The International Renewable Energy Agency (IRENA) estimates that 90 % of the world&#8217;s electricity can, and should, come from renewable energy by 2050, so leading technology companies are turning their efforts to creating green technology.<\/p>\n\t\t\t\t\t<div class=\"cspt-read-more-link\"><a href=\"https:\/\/electracasado.com\/en\/10-energy-trends-that-will-change-the-worlds-course-to-a-more-renewable-future\/\">Read More<\/a><\/div>\r\n\t\t\t\t<\/div>\t\t\t\t\r\n\t\t\t<\/div>\r\n\t\t<\/div>\r\n\t<\/div>\r\n<\/article><\/div><div class=\"cspt-ele cspt-blog-ele col-md-12 solar-panels\"><article class=\"creativesplanet-ele creativesplanet-ele-blog cspt-blogbox-style-3 post-1673 post type-post status-publish format-standard has-post-thumbnail hentry category-solar-panels tag-solar-energy\">\r\n\t<div class=\"post-item\">\r\n\t\t<div class=\"cspt-featured-container\">\t\t\t\t\r\n\t\t\t<div class=\"cspt-featured-wrapper\"><a href=\"https:\/\/electracasado.com\/en\/spain-already-breaking-records-in-photovoltaics\/\"><img decoding=\"async\" width=\"770\" height=\"430\" src=\"https:\/\/electracasado.com\/wp-content\/uploads\/2023\/02\/espana-lidera-fotovoltaica-770x430.jpg\" class=\"attachment-cspt-img-770x430 size-cspt-img-770x430 wp-post-image\" alt=\"Tejado con instalacion placas solares\" data-id=\"1504\" \/><\/a><\/div>\t\r\n\t\t<\/div>\r\n\t\t<div class=\"creativesplanet-box-content\">\t\r\n\t\t\t<div class=\"cspt-meta-container\">\r\n\t\t\t\t\t<span class=\"cspt-meta cspt-meta-date\"><a href=\"https:\/\/electracasado.com\/en\/spain-already-breaking-records-in-photovoltaics\/\" rel=\"bookmark\"><time class=\"entry-date published\">09 Jun, 2023<\/time><time class=\"updated cspt-hide\">09 Jun, 2023<\/time><\/a><\/span>\r\n\t\t\t\t<\/div>\r\n\t\t\t<h3 class=\"cspt-post-title\"><a href=\"https:\/\/electracasado.com\/en\/spain-already-breaking-records-in-photovoltaics\/\">Spain already breaking records in photovoltaics<\/a><\/h3>\r\n\t\t\t<div class=\"creativesplanet-box-desc\">\r\n\t\t\t\t<div class=\"creativesplanet-box-desc-text\">\r\n\t\t\t\t\t<p>Photovoltaics has become the fourth largest technology in the generation mix and is producing solar energy exponentially.<\/p>\n\t\t\t\t\t<div class=\"cspt-read-more-link\"><a href=\"https:\/\/electracasado.com\/en\/spain-already-breaking-records-in-photovoltaics\/\">Read More<\/a><\/div>\r\n\t\t\t\t<\/div>\t\t\t\t\r\n\t\t\t<\/div>\r\n\t\t<\/div>\r\n\t<\/div>\r\n<\/article><\/div><div class=\"cspt-ele cspt-blog-ele col-md-12 solar-pumping\"><article class=\"creativesplanet-ele creativesplanet-ele-blog cspt-blogbox-style-3 post-1671 post type-post status-publish format-standard has-post-thumbnail hentry category-solar-pumping tag-irrigation tag-solar-pumping\">\r\n\t<div class=\"post-item\">\r\n\t\t<div class=\"cspt-featured-container\">\t\t\t\t\r\n\t\t\t<div class=\"cspt-featured-wrapper\"><a href=\"https:\/\/electracasado.com\/en\/what-is-a-solar-submersible-pump\/\"><img decoding=\"async\" width=\"770\" height=\"430\" src=\"https:\/\/electracasado.com\/wp-content\/uploads\/2024\/10\/bombeo-solar-electracasado-scaled-1-770x430.jpg\" class=\"attachment-cspt-img-770x430 size-cspt-img-770x430 wp-post-image\" alt=\"Noticias energ\u00eda solar: Riego Solar para agricultura\" data-id=\"2140\" \/><\/a><\/div>\t\r\n\t\t<\/div>\r\n\t\t<div class=\"creativesplanet-box-content\">\t\r\n\t\t\t<div class=\"cspt-meta-container\">\r\n\t\t\t\t\t<span class=\"cspt-meta cspt-meta-date\"><a href=\"https:\/\/electracasado.com\/en\/what-is-a-solar-submersible-pump\/\" rel=\"bookmark\"><time class=\"entry-date published\">09 Jun, 2023<\/time><time class=\"updated cspt-hide\">09 Jun, 2023<\/time><\/a><\/span>\r\n\t\t\t\t<\/div>\r\n\t\t\t<h3 class=\"cspt-post-title\"><a href=\"https:\/\/electracasado.com\/en\/what-is-a-solar-submersible-pump\/\">What is a solar submersible pump?<\/a><\/h3>\r\n\t\t\t<div class=\"creativesplanet-box-desc\">\r\n\t\t\t\t<div class=\"creativesplanet-box-desc-text\">\r\n\t\t\t\t\t<p>Photovoltaics has become the fourth largest technology in the generation mix and is producing solar energy exponentially.<\/p>\n\t\t\t\t\t<div class=\"cspt-read-more-link\"><a href=\"https:\/\/electracasado.com\/en\/what-is-a-solar-submersible-pump\/\">Read More<\/a><\/div>\r\n\t\t\t\t<\/div>\t\t\t\t\r\n\t\t\t<\/div>\r\n\t\t<\/div>\r\n\t<\/div>\r\n<\/article><\/div>\r\n\t\t\t<\/div>\r\n\r\n\t\t\t\r\n\t\t\r\n\t\t<\/div><!-- .creativesplanet-element-inner -->   <\/div><!-- .creativesplanet-element -->  \r\n\t    \t\t\t\t<\/div>\n\t\t\t\t<\/div>\n\t\t\t\t\t<\/div>\n\t\t<\/div>\n\t\t\t\t<div class=\"elementor-column elementor-col-50 elementor-top-column elementor-element elementor-element-602a2b1 cspt-bg-color-over-image\" data-id=\"602a2b1\" data-element_type=\"column\" data-settings=\"{&quot;background_background&quot;:&quot;classic&quot;}\">\n\t\t\t<div class=\"elementor-widget-wrap elementor-element-populated\">\n\t\t\t\t\t\t<div class=\"elementor-element elementor-element-4ab3f30 elementor-widget elementor-widget-sidebar\" data-id=\"4ab3f30\" data-element_type=\"widget\" data-widget_type=\"sidebar.default\">\n\t\t\t\t<div class=\"elementor-widget-container\">\n\t\t\t\t\t<aside id=\"greenly_recent_posts_widget-4\" class=\"widget greenly_recent_posts_widget greenly_widget  greenly_widget_count_1\"><h2 class=\"widget-title\"><\/h2><ul class=\"cspt-rpw-list\"><li><a href=\"https:\/\/electracasado.com\/en\/10-energy-trends-that-will-change-the-worlds-course-to-a-more-renewable-future\/\"><span class=\"cspt-rpw-img\"><img loading=\"lazy\" decoding=\"async\" width=\"150\" height=\"150\" src=\"https:\/\/electracasado.com\/wp-content\/uploads\/2023\/02\/tendencias-renovables-150x150.jpg\" class=\"attachment-thumbnail size-thumbnail wp-post-image\" alt=\"Tendencia de energ\u00eda renovable\" srcset=\"https:\/\/electracasado.com\/wp-content\/uploads\/2023\/02\/tendencias-renovables-150x150.jpg 150w, https:\/\/electracasado.com\/wp-content\/uploads\/2023\/02\/tendencias-renovables-300x300.jpg 300w, https:\/\/electracasado.com\/wp-content\/uploads\/2023\/02\/tendencias-renovables-100x100.jpg 100w, https:\/\/electracasado.com\/wp-content\/uploads\/2023\/02\/tendencias-renovables-500x500.jpg 500w\" sizes=\"(max-width: 150px) 100vw, 150px\" data-id=\"1554\" \/><\/span><\/a><span class=\"cspt-rpw-content\">\r\n\t\t\t\t\t\t<span class=\"cspt-rpw-title\"><a href=\"https:\/\/electracasado.com\/en\/10-energy-trends-that-will-change-the-worlds-course-to-a-more-renewable-future\/\">10 energy trends that will change the world&#8217;s course to a more renewable future<\/a><\/span>\r\n\t\t\t\t\t\t<span class=\"cspt-rpw-date\"><a href=\"https:\/\/electracasado.com\/en\/10-energy-trends-that-will-change-the-worlds-course-to-a-more-renewable-future\/\">June 9, 2023<\/a><\/span>\r\n\t\t\t\t\t<\/span><\/li><li><a href=\"https:\/\/electracasado.com\/en\/spain-already-breaking-records-in-photovoltaics\/\"><span class=\"cspt-rpw-img\"><img loading=\"lazy\" decoding=\"async\" width=\"150\" height=\"150\" src=\"https:\/\/electracasado.com\/wp-content\/uploads\/2023\/02\/espana-lidera-fotovoltaica-150x150.jpg\" class=\"attachment-thumbnail size-thumbnail wp-post-image\" alt=\"Tejado con instalacion placas solares\" srcset=\"https:\/\/electracasado.com\/wp-content\/uploads\/2023\/02\/espana-lidera-fotovoltaica-150x150.jpg 150w, https:\/\/electracasado.com\/wp-content\/uploads\/2023\/02\/espana-lidera-fotovoltaica-300x300.jpg 300w, https:\/\/electracasado.com\/wp-content\/uploads\/2023\/02\/espana-lidera-fotovoltaica-100x100.jpg 100w, https:\/\/electracasado.com\/wp-content\/uploads\/2023\/02\/espana-lidera-fotovoltaica-500x500.jpg 500w\" sizes=\"(max-width: 150px) 100vw, 150px\" data-id=\"1504\" \/><\/span><\/a><span class=\"cspt-rpw-content\">\r\n\t\t\t\t\t\t<span class=\"cspt-rpw-title\"><a href=\"https:\/\/electracasado.com\/en\/spain-already-breaking-records-in-photovoltaics\/\">Spain already breaking records in photovoltaics<\/a><\/span>\r\n\t\t\t\t\t\t<span class=\"cspt-rpw-date\"><a href=\"https:\/\/electracasado.com\/en\/spain-already-breaking-records-in-photovoltaics\/\">June 9, 2023<\/a><\/span>\r\n\t\t\t\t\t<\/span><\/li><li><a href=\"https:\/\/electracasado.com\/en\/what-is-a-solar-submersible-pump\/\"><span class=\"cspt-rpw-img\"><img loading=\"lazy\" decoding=\"async\" width=\"150\" height=\"150\" src=\"https:\/\/electracasado.com\/wp-content\/uploads\/2024\/10\/bombeo-solar-electracasado-scaled-1-150x150.jpg\" class=\"attachment-thumbnail size-thumbnail wp-post-image\" alt=\"Noticias energ\u00eda solar: Riego Solar para agricultura\" srcset=\"https:\/\/electracasado.com\/wp-content\/uploads\/2024\/10\/bombeo-solar-electracasado-scaled-1-150x150.jpg 150w, https:\/\/electracasado.com\/wp-content\/uploads\/2024\/10\/bombeo-solar-electracasado-scaled-1-770x770.jpg 770w, https:\/\/electracasado.com\/wp-content\/uploads\/2024\/10\/bombeo-solar-electracasado-scaled-1-300x300.jpg 300w\" sizes=\"(max-width: 150px) 100vw, 150px\" data-id=\"2140\" \/><\/span><\/a><span class=\"cspt-rpw-content\">\r\n\t\t\t\t\t\t<span class=\"cspt-rpw-title\"><a href=\"https:\/\/electracasado.com\/en\/what-is-a-solar-submersible-pump\/\">What is a solar submersible pump?<\/a><\/span>\r\n\t\t\t\t\t\t<span class=\"cspt-rpw-date\"><a href=\"https:\/\/electracasado.com\/en\/what-is-a-solar-submersible-pump\/\">June 9, 2023<\/a><\/span>\r\n\t\t\t\t\t<\/span><\/li><\/ul>    <\/aside><aside id=\"block-3\" class=\"widget widget_block greenly_widget  greenly_widget_count_2\">\n<div class=\"wp-block-woocommerce-filter-wrapper\">\n<h3 class=\"wp-block-heading\">Filtrar por precio<\/h3>\n\n\n\n<div class=\"wp-block-woocommerce-price-filter is-loading\" data-showinputfields=\"true\" data-showfilterbutton=\"false\" data-heading=\"\" data-heading-level=\"3\"><span aria-hidden=\"true\" class=\"wc-block-product-categories__placeholder\"><\/span><\/div>\n<\/div>\n<\/aside><aside id=\"block-4\" class=\"widget widget_block greenly_widget  greenly_widget_count_3\"><\/aside><aside id=\"block-5\" class=\"widget widget_block greenly_widget  greenly_widget_count_4\"><\/aside>\t\t\t\t<\/div>\n\t\t\t\t<\/div>\n\t\t\t\t\t<\/div>\n\t\t<\/div>\n\t\t\t\t\t<\/div>\n\t\t<\/section>\n\t\t\t\t<\/div>\n\t\t","protected":false},"excerpt":{"rendered":"<p>Electra Casado News: Solar Energy and Electrical Installations Stay informed about the latest trends and news in the energy sector. On our blog you will find articles about photovoltaic installations, energy efficiency, home automation and much more. 16 Feb, 202308 Mar, 2023 Las 10 tendencias de energ\u00eda que cambiar\u00e1n el rumbo del mundo a un futuro m\u00e1s renovable La Agencia Internacional de Energ\u00edas Renovables (IRENA) calcula que el 90 %[&hellip;]<\/p>\n","protected":false},"author":1,"featured_media":0,"parent":0,"menu_order":21,"comment_status":"closed","ping_status":"closed","template":"elementor_header_footer","meta":{"footnotes":""},"class_list":["post-1701","page","type-page","status-publish","hentry"],"yoast_head":"<!-- This site is optimized with the Yoast SEO plugin v24.9 - https:\/\/yoast.com\/wordpress\/plugins\/seo\/ -->\n<title>Energy Industry News | Electra Casado<\/title>\n<meta name=\"description\" content=\"The latest energy indurtry news: solar energy, photovoltaics, electrical installations... Click here and stay well informed.\" \/>\n<meta name=\"robots\" content=\"index, follow, max-snippet:-1, max-image-preview:large, max-video-preview:-1\" \/>\n<link rel=\"canonical\" href=\"https:\/\/electracasado.com\/en\/energy-industry-news\/\" \/>\n<meta property=\"og:locale\" content=\"en_US\" \/>\n<meta property=\"og:type\" content=\"article\" \/>\n<meta property=\"og:title\" content=\"Energy Industry News | Electra Casado\" \/>\n<meta property=\"og:description\" content=\"The latest energy indurtry news: solar energy, photovoltaics, electrical installations... Click here and stay well informed.\" \/>\n<meta property=\"og:url\" content=\"https:\/\/electracasado.com\/en\/energy-industry-news\/\" \/>\n<meta property=\"og:site_name\" content=\"Electracasado\" \/>\n<meta property=\"article:publisher\" content=\"https:\/\/www.facebook.com\/ElectraCasado\" \/>\n<meta property=\"article:modified_time\" content=\"2024-09-30T07:12:41+00:00\" \/>\n<meta property=\"og:image\" content=\"https:\/\/electracasado.com\/wp-content\/uploads\/2023\/02\/tendencias-renovables-770x430.jpg\" \/>\n<meta name=\"twitter:card\" content=\"summary_large_image\" \/>\n<meta name=\"twitter:label1\" content=\"Est. reading time\" \/>\n\t<meta name=\"twitter:data1\" content=\"2 minutes\" \/>\n<script type=\"application\/ld+json\" class=\"yoast-schema-graph\">{\"@context\":\"https:\/\/schema.org\",\"@graph\":[{\"@type\":\"WebPage\",\"@id\":\"https:\/\/electracasado.com\/en\/energy-industry-news\/\",\"url\":\"https:\/\/electracasado.com\/en\/energy-industry-news\/\",\"name\":\"Energy Industry News | Electra Casado\",\"isPartOf\":{\"@id\":\"https:\/\/electracasado.com\/#website\"},\"primaryImageOfPage\":{\"@id\":\"https:\/\/electracasado.com\/en\/energy-industry-news\/#primaryimage\"},\"image\":{\"@id\":\"https:\/\/electracasado.com\/en\/energy-industry-news\/#primaryimage\"},\"thumbnailUrl\":\"https:\/\/electracasado.com\/wp-content\/uploads\/2023\/02\/tendencias-renovables-770x430.jpg\",\"datePublished\":\"2023-06-09T10:01:48+00:00\",\"dateModified\":\"2024-09-30T07:12:41+00:00\",\"description\":\"The latest energy indurtry news: solar energy, photovoltaics, electrical installations... Click here and stay well informed.\",\"breadcrumb\":{\"@id\":\"https:\/\/electracasado.com\/en\/energy-industry-news\/#breadcrumb\"},\"inLanguage\":\"en-US\",\"potentialAction\":[{\"@type\":\"ReadAction\",\"target\":[\"https:\/\/electracasado.com\/en\/energy-industry-news\/\"]}]},{\"@type\":\"ImageObject\",\"inLanguage\":\"en-US\",\"@id\":\"https:\/\/electracasado.com\/en\/energy-industry-news\/#primaryimage\",\"url\":\"https:\/\/electracasado.com\/wp-content\/uploads\/2023\/02\/tendencias-renovables-770x430.jpg\",\"contentUrl\":\"https:\/\/electracasado.com\/wp-content\/uploads\/2023\/02\/tendencias-renovables-770x430.jpg\"},{\"@type\":\"BreadcrumbList\",\"@id\":\"https:\/\/electracasado.com\/en\/energy-industry-news\/#breadcrumb\",\"itemListElement\":[{\"@type\":\"ListItem\",\"position\":1,\"name\":\"Portada\",\"item\":\"https:\/\/electracasado.com\/en\/\"},{\"@type\":\"ListItem\",\"position\":2,\"name\":\"Energy industry news\"}]},{\"@type\":\"WebSite\",\"@id\":\"https:\/\/electracasado.com\/#website\",\"url\":\"https:\/\/electracasado.com\/\",\"name\":\"Electracasado\",\"description\":\"Montajes El\u00e9ctricos y Soluciones Solares\",\"publisher\":{\"@id\":\"https:\/\/electracasado.com\/#organization\"},\"potentialAction\":[{\"@type\":\"SearchAction\",\"target\":{\"@type\":\"EntryPoint\",\"urlTemplate\":\"https:\/\/electracasado.com\/?s={search_term_string}\"},\"query-input\":{\"@type\":\"PropertyValueSpecification\",\"valueRequired\":true,\"valueName\":\"search_term_string\"}}],\"inLanguage\":\"en-US\"},{\"@type\":\"Organization\",\"@id\":\"https:\/\/electracasado.com\/#organization\",\"name\":\"Electracasado\",\"url\":\"https:\/\/electracasado.com\/\",\"logo\":{\"@type\":\"ImageObject\",\"inLanguage\":\"en-US\",\"@id\":\"https:\/\/electracasado.com\/#\/schema\/logo\/image\/\",\"url\":\"https:\/\/electracasado.com\/wp-content\/uploads\/2023\/03\/electra-casado-uno_Mesa-de-trabajo-1-1.png\",\"contentUrl\":\"https:\/\/electracasado.com\/wp-content\/uploads\/2023\/03\/electra-casado-uno_Mesa-de-trabajo-1-1.png\",\"width\":985,\"height\":412,\"caption\":\"Electracasado\"},\"image\":{\"@id\":\"https:\/\/electracasado.com\/#\/schema\/logo\/image\/\"},\"sameAs\":[\"https:\/\/www.facebook.com\/ElectraCasado\",\"https:\/\/www.instagram.com\/electracasado_soluciones\/\"]}]}<\/script>\n<!-- \/ Yoast SEO plugin. -->","yoast_head_json":{"title":"Energy Industry News | Electra Casado","description":"The latest energy indurtry news: solar energy, photovoltaics, electrical installations... Click here and stay well informed.","robots":{"index":"index","follow":"follow","max-snippet":"max-snippet:-1","max-image-preview":"max-image-preview:large","max-video-preview":"max-video-preview:-1"},"canonical":"https:\/\/electracasado.com\/en\/energy-industry-news\/","og_locale":"en_US","og_type":"article","og_title":"Energy Industry News | Electra Casado","og_description":"The latest energy indurtry news: solar energy, photovoltaics, electrical installations... Click here and stay well informed.","og_url":"https:\/\/electracasado.com\/en\/energy-industry-news\/","og_site_name":"Electracasado","article_publisher":"https:\/\/www.facebook.com\/ElectraCasado","article_modified_time":"2024-09-30T07:12:41+00:00","og_image":[{"url":"https:\/\/electracasado.com\/wp-content\/uploads\/2023\/02\/tendencias-renovables-770x430.jpg","type":"","width":"","height":""}],"twitter_card":"summary_large_image","twitter_misc":{"Est. reading time":"2 minutes"},"schema":{"@context":"https:\/\/schema.org","@graph":[{"@type":"WebPage","@id":"https:\/\/electracasado.com\/en\/energy-industry-news\/","url":"https:\/\/electracasado.com\/en\/energy-industry-news\/","name":"Energy Industry News | Electra Casado","isPartOf":{"@id":"https:\/\/electracasado.com\/#website"},"primaryImageOfPage":{"@id":"https:\/\/electracasado.com\/en\/energy-industry-news\/#primaryimage"},"image":{"@id":"https:\/\/electracasado.com\/en\/energy-industry-news\/#primaryimage"},"thumbnailUrl":"https:\/\/electracasado.com\/wp-content\/uploads\/2023\/02\/tendencias-renovables-770x430.jpg","datePublished":"2023-06-09T10:01:48+00:00","dateModified":"2024-09-30T07:12:41+00:00","description":"The latest energy indurtry news: solar energy, photovoltaics, electrical installations... Click here and stay well informed.","breadcrumb":{"@id":"https:\/\/electracasado.com\/en\/energy-industry-news\/#breadcrumb"},"inLanguage":"en-US","potentialAction":[{"@type":"ReadAction","target":["https:\/\/electracasado.com\/en\/energy-industry-news\/"]}]},{"@type":"ImageObject","inLanguage":"en-US","@id":"https:\/\/electracasado.com\/en\/energy-industry-news\/#primaryimage","url":"https:\/\/electracasado.com\/wp-content\/uploads\/2023\/02\/tendencias-renovables-770x430.jpg","contentUrl":"https:\/\/electracasado.com\/wp-content\/uploads\/2023\/02\/tendencias-renovables-770x430.jpg"},{"@type":"BreadcrumbList","@id":"https:\/\/electracasado.com\/en\/energy-industry-news\/#breadcrumb","itemListElement":[{"@type":"ListItem","position":1,"name":"Portada","item":"https:\/\/electracasado.com\/en\/"},{"@type":"ListItem","position":2,"name":"Energy industry news"}]},{"@type":"WebSite","@id":"https:\/\/electracasado.com\/#website","url":"https:\/\/electracasado.com\/","name":"Electracasado","description":"Montajes El\u00e9ctricos y Soluciones Solares","publisher":{"@id":"https:\/\/electracasado.com\/#organization"},"potentialAction":[{"@type":"SearchAction","target":{"@type":"EntryPoint","urlTemplate":"https:\/\/electracasado.com\/?s={search_term_string}"},"query-input":{"@type":"PropertyValueSpecification","valueRequired":true,"valueName":"search_term_string"}}],"inLanguage":"en-US"},{"@type":"Organization","@id":"https:\/\/electracasado.com\/#organization","name":"Electracasado","url":"https:\/\/electracasado.com\/","logo":{"@type":"ImageObject","inLanguage":"en-US","@id":"https:\/\/electracasado.com\/#\/schema\/logo\/image\/","url":"https:\/\/electracasado.com\/wp-content\/uploads\/2023\/03\/electra-casado-uno_Mesa-de-trabajo-1-1.png","contentUrl":"https:\/\/electracasado.com\/wp-content\/uploads\/2023\/03\/electra-casado-uno_Mesa-de-trabajo-1-1.png","width":985,"height":412,"caption":"Electracasado"},"image":{"@id":"https:\/\/electracasado.com\/#\/schema\/logo\/image\/"},"sameAs":["https:\/\/www.facebook.com\/ElectraCasado","https:\/\/www.instagram.com\/electracasado_soluciones\/"]}]}},"_links":{"self":[{"href":"https:\/\/electracasado.com\/en\/wp-json\/wp\/v2\/pages\/1701"}],"collection":[{"href":"https:\/\/electracasado.com\/en\/wp-json\/wp\/v2\/pages"}],"about":[{"href":"https:\/\/electracasado.com\/en\/wp-json\/wp\/v2\/types\/page"}],"author":[{"embeddable":true,"href":"https:\/\/electracasado.com\/en\/wp-json\/wp\/v2\/users\/1"}],"replies":[{"embeddable":true,"href":"https:\/\/electracasado.com\/en\/wp-json\/wp\/v2\/comments?post=1701"}],"version-history":[{"count":4,"href":"https:\/\/electracasado.com\/en\/wp-json\/wp\/v2\/pages\/1701\/revisions"}],"predecessor-version":[{"id":2115,"href":"https:\/\/electracasado.com\/en\/wp-json\/wp\/v2\/pages\/1701\/revisions\/2115"}],"wp:attachment":[{"href":"https:\/\/electracasado.com\/en\/wp-json\/wp\/v2\/media?parent=1701"}],"curies":[{"name":"wp","href":"https:\/\/api.w.org\/{rel}","templated":true}]}}