{"id":1652,"date":"2023-06-09T08:19:53","date_gmt":"2023-06-09T08:19:53","guid":{"rendered":"https:\/\/electracasado.com\/terms-and-conditions\/"},"modified":"2023-10-30T09:28:29","modified_gmt":"2023-10-30T09:28:29","slug":"terms-and-conditions","status":"publish","type":"page","link":"https:\/\/electracasado.com\/en\/terms-and-conditions\/","title":{"rendered":"Terms and conditions"},"content":{"rendered":"\t\t<div data-elementor-type=\"wp-page\" data-elementor-id=\"1652\" class=\"elementor elementor-1652 elementor-1152\" data-elementor-post-type=\"page\">\n\t\t\t\t\t\t<section class=\"elementor-section elementor-top-section elementor-element elementor-element-7cebed9b cspt-col-stretched-none cspt-bg-color-over-image elementor-section-boxed elementor-section-height-default elementor-section-height-default\" data-id=\"7cebed9b\" data-element_type=\"section\">\n\t\t\t\t\t\t<div class=\"elementor-container elementor-column-gap-no\">\n\t\t\t\t\t<div class=\"elementor-column elementor-col-100 elementor-top-column elementor-element elementor-element-36d14e47 cspt-bg-color-over-image\" data-id=\"36d14e47\" data-element_type=\"column\">\n\t\t\t<div class=\"elementor-widget-wrap elementor-element-populated\">\n\t\t\t\t\t\t<div class=\"elementor-element elementor-element-fc189a2 elementor-widget elementor-widget-text-editor\" data-id=\"fc189a2\" data-element_type=\"widget\" data-widget_type=\"text-editor.default\">\n\t\t\t\t<div class=\"elementor-widget-container\">\n\t\t\t\t\t\t\t\t\t<p>Terms and Conditions for ELECTRACASADO.COM<\/p>\n<p>In compliance with the duty of information contained in article 10 of Law 34\/2002, of 11 July, on Information Society Services and Electronic Commerce, we inform you that the Website www.electracasado.com (hereinafter, the &#8220;Website&#8221;) is owned by CONSOLACI\u00d3N CASADO N\u00da\u00d1EZ, with registered address at Ctra. del Pozo 22 Villanueva de Algaidas, M\u00e1laga.<\/p>\n<p>1. Conditions of use The present Conditions describe the terms applicable to the services and contents offered through the Web site WWW.ELECTRACASADO.COM and regulate the legal relations between CONSOLACI\u00d3N CASADO N\u00da\u00d1EZ and the User.<\/p>\n<p>Access to the website is free and free of charge, and use of the website implies unreserved acceptance of all the Conditions of Use. In the event of disagreement with these conditions, the User must refrain from using the Website.<\/p>\n<p>The visit to the eCommerce site by the User must be done in a responsible manner and in accordance with current legislation, good faith, the present Conditions and respecting the intellectual and industrial property rights owned by CONSOLACI\u00d3N CASADO N\u00da\u00d1EZ or any other natural or legal person.<\/p>\n<p>The use of any of the contents of the Web site for purposes that are or could be illicit is totally prohibited, as well as the carrying out of any action that causes or could cause damage or alterations of any kind not consented to by CONSOLACI\u00d3N CASADO N\u00da\u00d1EZ to the eCommerce site or its contents.<\/p>\n<p>The Web and the products offered by CONSOLACI\u00d3N CASADO N\u00da\u00d1EZ is addressed to adults with sufficient legal capacity to be bound by these Terms of Use.<\/p>\n<p>2. User registration Purchasing on the Website does not require user registration.<\/p>\n<p>In order to make the Purchase it is necessary for the User to provide personal data, telephone and address to be able to make the delivery and these personal data must be truthful and accurate. <\/p>\n<p><span style=\"color: var( --e-global-color-secondary ); letter-spacing: 0px;\">You should also bear in mind that you can modify your personal data at any time, as well as exercise your rights of access, rectification, deletion, limitation and opposition in accordance with LO 3\/2018, of 5 December, on Data Protection and the Guarantee of Digital Rights (LOPDGDD) and with Regulation (EU) 2016\/679, of the European Parliament and of the Council, of 27 April 2016, on the protection of natural persons with regard to the processing of personal data and on the free movement of such data (RGPD).<\/span><\/p>\n<p>3. Orders Once an order has been placed, the User will receive a message confirming receipt of the order and its status.<\/p>\n<p>4. Form of payment The acquisition of our products through WWW.ELECTRACASADO.COM allows the following forms of payment: CREDIT OR DEBIT CARD (SECURE PAYMENT WITH VISA OR MASTERCARD).<\/p>\n<p>WWW.ELECTRACASADO.COM accepts payment for purchases made through its Website with the following credit or debit cards: Visa, Visa Electron, MasterCard and Maestro.<\/p>\n<p>The charge will be made on-line, that is to say, in real time, through the payment gateway of the corresponding financial entity (Banco Santander) once it has been verified that the data communicated are correct.<\/p>\n<p>The cardholder is responsible for transactions on the website.<\/p>\n<p>The cardholder is responsible for transactions on the website. All operations involving the transmission of personal or banking data are carried out using a secure environment. We use a server based on the standard security technology SSL (Secure Socked Layer). All information transmitted to us by the user travels encrypted through the network.<\/p>\n<p>Your credit card details are not recorded in any database, but go directly to the Bank&#8217;s POS (Point of Sale Terminal).<\/p>\n<p>When paying by VISA or MASTERCARD, the following information will always be requested: the card number, the expiry date, and a validation code that matches the last 3 digits of the number printed in italics on the back of your VISA or MASTERCARD, thus offering more guarantees about the security of the transaction.<\/p>\n<p>5. Prices The prices of the products are those indicated in the attached description. 5. Prices The prices of the products are those indicated in the attached description.<\/p>\n<p>6. Conditions of shipment The Web only makes the shipment of its products to SPAIN PENINSULAR SPAIN.<\/p>\n<p>The purchase is subject to payment of shipping costs, payable by the purchaser. The shipping costs will depend on the destination of the order, the costs will be detailed throughout the purchase process and you will be able to check how much the shipping costs amount to before finalising the purchase.<\/p>\n<p>The Website shall not be liable for delays in the delivery of orders due to causes not attributable to it, as well as fortuitous events or force majeure.<\/p>\n<p>Delivery will be made by the transport company Seur, or in the case of a different company, the customer will be previously informed.<\/p>\n<p>7. In case of breakage or defect, for reasons beyond the User&#8217;s control, that is to say, due to transport or manufacturing causes, the purchased product will be sent again or, if necessary, CONSOLACI\u00d3N CASADO N\u00da\u00d1EZ will always decide to refund the corresponding amount. In both cases, the User may be asked to collect the returned product, so the User must keep the product at CONSOLACI\u00d3N CASADO N\u00da\u00d1EZ&#8217;s disposal while the incident is being resolved.<\/p>\n<p>8. In the event of an incident on receipt of an order, you should contact us by the following means:<\/p>\n<p>Phone +34 657 99 43 51 Email: electracasado@gmail.com.<\/p>\n<p>As a User, you are considered a consumer in accordance with Royal Legislative Decree 1\/2007, of 16 November, which approves the revised text of the General Law for the Defence of Consumers and Users and other complementary laws (hereinafter, &#8220;TRLGDCU&#8221;). The User must express their intention to withdraw within 02 hours of purchase and return the product, reimbursing the price paid.<\/p>\n<p>In case of problems with products purchased on this website you can file a complaint through the European Union&#8217;s dispute resolution platform here (https:\/\/ec.europa.eu\/consumers\/odr\/main\/index.cfm?event=main.home2.show&amp;lng=ES).<\/p>\n<p>CONSOLACI\u00d3N CASADO N\u00da\u00d1EZ reserves the right to refuse to accept the complaint submitted through the platform.<\/p>\n<p>9. Nullity and ineffectiveness of clauses If any clause included in these Conditions is declared totally or partially null or ineffective, such nullity or ineffectiveness shall only affect that provision, and these General Conditions shall remain in force in all other respects, and such provision shall be deemed not to be included.<\/p>\n<p>10. Applicable law and competent jurisdiction These terms and conditions are governed in accordance with Spanish law. CONSOLACI\u00d3N CASADO N\u00da\u00d1EZ and the user agree to submit the controversies that could arise in relation to the contracting of products or services object of these General Conditions, to the Courts and Tribunals of the User&#8217;s domicile.<\/p>\n\t\t\t\t\t\t\t\t<\/div>\n\t\t\t\t<\/div>\n\t\t\t\t\t<\/div>\n\t\t<\/div>\n\t\t\t\t\t<\/div>\n\t\t<\/section>\n\t\t\t\t<\/div>\n\t\t","protected":false},"excerpt":{"rendered":"<p>Terms and Conditions for ELECTRACASADO.COM In compliance with the duty of information contained in article 10 of Law 34\/2002, of 11 July, on Information Society Services and Electronic Commerce, we inform you that the Website www.electracasado.com (hereinafter, the &#8220;Website&#8221;) is owned by CONSOLACI\u00d3N CASADO N\u00da\u00d1EZ, with registered address at Ctra. del Pozo 22 Villanueva de Algaidas, M\u00e1laga. 1. Conditions of use The present Conditions describe the terms applicable to the[&hellip;]<\/p>\n","protected":false},"author":1,"featured_media":0,"parent":0,"menu_order":23,"comment_status":"closed","ping_status":"closed","template":"","meta":{"footnotes":""},"class_list":["post-1652","page","type-page","status-publish","hentry"],"yoast_head":"<!-- This site is optimized with the Yoast SEO plugin v24.9 - https:\/\/yoast.com\/wordpress\/plugins\/seo\/ -->\n<title>Terms and conditions - Electracasado<\/title>\n<meta name=\"robots\" content=\"index, follow, max-snippet:-1, max-image-preview:large, max-video-preview:-1\" \/>\n<link rel=\"canonical\" href=\"https:\/\/electracasado.com\/condiciones-de-uso\/\" \/>\n<meta property=\"og:locale\" content=\"en_US\" \/>\n<meta property=\"og:type\" content=\"article\" \/>\n<meta property=\"og:title\" content=\"Terms and conditions - Electracasado\" \/>\n<meta property=\"og:description\" content=\"Terms and Conditions for ELECTRACASADO.COM In compliance with the duty of information contained in article 10 of Law 34\/2002, of 11 July, on Information Society Services and Electronic Commerce, we inform you that the Website www.electracasado.com (hereinafter, the &#8220;Website&#8221;) is owned by CONSOLACI\u00d3N CASADO N\u00da\u00d1EZ, with registered address at Ctra. del Pozo 22 Villanueva de Algaidas, M\u00e1laga. 1. Conditions of use The present Conditions describe the terms applicable to the[&hellip;]\" \/>\n<meta property=\"og:url\" content=\"https:\/\/electracasado.com\/condiciones-de-uso\/\" \/>\n<meta property=\"og:site_name\" content=\"Electracasado\" \/>\n<meta property=\"article:publisher\" content=\"https:\/\/www.facebook.com\/ElectraCasado\" \/>\n<meta property=\"article:modified_time\" content=\"2023-10-30T09:28:29+00:00\" \/>\n<meta name=\"twitter:card\" content=\"summary_large_image\" \/>\n<meta name=\"twitter:label1\" content=\"Est. reading time\" \/>\n\t<meta name=\"twitter:data1\" content=\"6 minutes\" \/>\n<script type=\"application\/ld+json\" class=\"yoast-schema-graph\">{\"@context\":\"https:\/\/schema.org\",\"@graph\":[{\"@type\":\"WebPage\",\"@id\":\"https:\/\/electracasado.com\/condiciones-de-uso\/\",\"url\":\"https:\/\/electracasado.com\/condiciones-de-uso\/\",\"name\":\"Terms and conditions - Electracasado\",\"isPartOf\":{\"@id\":\"https:\/\/electracasado.com\/#website\"},\"datePublished\":\"2023-06-09T08:19:53+00:00\",\"dateModified\":\"2023-10-30T09:28:29+00:00\",\"breadcrumb\":{\"@id\":\"https:\/\/electracasado.com\/condiciones-de-uso\/#breadcrumb\"},\"inLanguage\":\"en-US\",\"potentialAction\":[{\"@type\":\"ReadAction\",\"target\":[\"https:\/\/electracasado.com\/condiciones-de-uso\/\"]}]},{\"@type\":\"BreadcrumbList\",\"@id\":\"https:\/\/electracasado.com\/condiciones-de-uso\/#breadcrumb\",\"itemListElement\":[{\"@type\":\"ListItem\",\"position\":1,\"name\":\"Portada\",\"item\":\"https:\/\/electracasado.com\/en\/\"},{\"@type\":\"ListItem\",\"position\":2,\"name\":\"Terms and conditions\"}]},{\"@type\":\"WebSite\",\"@id\":\"https:\/\/electracasado.com\/#website\",\"url\":\"https:\/\/electracasado.com\/\",\"name\":\"Electracasado\",\"description\":\"Montajes El\u00e9ctricos y Soluciones Solares\",\"publisher\":{\"@id\":\"https:\/\/electracasado.com\/#organization\"},\"potentialAction\":[{\"@type\":\"SearchAction\",\"target\":{\"@type\":\"EntryPoint\",\"urlTemplate\":\"https:\/\/electracasado.com\/?s={search_term_string}\"},\"query-input\":{\"@type\":\"PropertyValueSpecification\",\"valueRequired\":true,\"valueName\":\"search_term_string\"}}],\"inLanguage\":\"en-US\"},{\"@type\":\"Organization\",\"@id\":\"https:\/\/electracasado.com\/#organization\",\"name\":\"Electracasado\",\"url\":\"https:\/\/electracasado.com\/\",\"logo\":{\"@type\":\"ImageObject\",\"inLanguage\":\"en-US\",\"@id\":\"https:\/\/electracasado.com\/#\/schema\/logo\/image\/\",\"url\":\"https:\/\/electracasado.com\/wp-content\/uploads\/2023\/03\/electra-casado-uno_Mesa-de-trabajo-1-1.png\",\"contentUrl\":\"https:\/\/electracasado.com\/wp-content\/uploads\/2023\/03\/electra-casado-uno_Mesa-de-trabajo-1-1.png\",\"width\":985,\"height\":412,\"caption\":\"Electracasado\"},\"image\":{\"@id\":\"https:\/\/electracasado.com\/#\/schema\/logo\/image\/\"},\"sameAs\":[\"https:\/\/www.facebook.com\/ElectraCasado\",\"https:\/\/www.instagram.com\/electracasado_soluciones\/\"]}]}<\/script>\n<!-- \/ Yoast SEO plugin. -->","yoast_head_json":{"title":"Terms and conditions - Electracasado","robots":{"index":"index","follow":"follow","max-snippet":"max-snippet:-1","max-image-preview":"max-image-preview:large","max-video-preview":"max-video-preview:-1"},"canonical":"https:\/\/electracasado.com\/condiciones-de-uso\/","og_locale":"en_US","og_type":"article","og_title":"Terms and conditions - Electracasado","og_description":"Terms and Conditions for ELECTRACASADO.COM In compliance with the duty of information contained in article 10 of Law 34\/2002, of 11 July, on Information Society Services and Electronic Commerce, we inform you that the Website www.electracasado.com (hereinafter, the &#8220;Website&#8221;) is owned by CONSOLACI\u00d3N CASADO N\u00da\u00d1EZ, with registered address at Ctra. del Pozo 22 Villanueva de Algaidas, M\u00e1laga. 1. Conditions of use The present Conditions describe the terms applicable to the[&hellip;]","og_url":"https:\/\/electracasado.com\/condiciones-de-uso\/","og_site_name":"Electracasado","article_publisher":"https:\/\/www.facebook.com\/ElectraCasado","article_modified_time":"2023-10-30T09:28:29+00:00","twitter_card":"summary_large_image","twitter_misc":{"Est. reading time":"6 minutes"},"schema":{"@context":"https:\/\/schema.org","@graph":[{"@type":"WebPage","@id":"https:\/\/electracasado.com\/condiciones-de-uso\/","url":"https:\/\/electracasado.com\/condiciones-de-uso\/","name":"Terms and conditions - Electracasado","isPartOf":{"@id":"https:\/\/electracasado.com\/#website"},"datePublished":"2023-06-09T08:19:53+00:00","dateModified":"2023-10-30T09:28:29+00:00","breadcrumb":{"@id":"https:\/\/electracasado.com\/condiciones-de-uso\/#breadcrumb"},"inLanguage":"en-US","potentialAction":[{"@type":"ReadAction","target":["https:\/\/electracasado.com\/condiciones-de-uso\/"]}]},{"@type":"BreadcrumbList","@id":"https:\/\/electracasado.com\/condiciones-de-uso\/#breadcrumb","itemListElement":[{"@type":"ListItem","position":1,"name":"Portada","item":"https:\/\/electracasado.com\/en\/"},{"@type":"ListItem","position":2,"name":"Terms and conditions"}]},{"@type":"WebSite","@id":"https:\/\/electracasado.com\/#website","url":"https:\/\/electracasado.com\/","name":"Electracasado","description":"Montajes El\u00e9ctricos y Soluciones Solares","publisher":{"@id":"https:\/\/electracasado.com\/#organization"},"potentialAction":[{"@type":"SearchAction","target":{"@type":"EntryPoint","urlTemplate":"https:\/\/electracasado.com\/?s={search_term_string}"},"query-input":{"@type":"PropertyValueSpecification","valueRequired":true,"valueName":"search_term_string"}}],"inLanguage":"en-US"},{"@type":"Organization","@id":"https:\/\/electracasado.com\/#organization","name":"Electracasado","url":"https:\/\/electracasado.com\/","logo":{"@type":"ImageObject","inLanguage":"en-US","@id":"https:\/\/electracasado.com\/#\/schema\/logo\/image\/","url":"https:\/\/electracasado.com\/wp-content\/uploads\/2023\/03\/electra-casado-uno_Mesa-de-trabajo-1-1.png","contentUrl":"https:\/\/electracasado.com\/wp-content\/uploads\/2023\/03\/electra-casado-uno_Mesa-de-trabajo-1-1.png","width":985,"height":412,"caption":"Electracasado"},"image":{"@id":"https:\/\/electracasado.com\/#\/schema\/logo\/image\/"},"sameAs":["https:\/\/www.facebook.com\/ElectraCasado","https:\/\/www.instagram.com\/electracasado_soluciones\/"]}]}},"_links":{"self":[{"href":"https:\/\/electracasado.com\/en\/wp-json\/wp\/v2\/pages\/1652"}],"collection":[{"href":"https:\/\/electracasado.com\/en\/wp-json\/wp\/v2\/pages"}],"about":[{"href":"https:\/\/electracasado.com\/en\/wp-json\/wp\/v2\/types\/page"}],"author":[{"embeddable":true,"href":"https:\/\/electracasado.com\/en\/wp-json\/wp\/v2\/users\/1"}],"replies":[{"embeddable":true,"href":"https:\/\/electracasado.com\/en\/wp-json\/wp\/v2\/comments?post=1652"}],"version-history":[{"count":2,"href":"https:\/\/electracasado.com\/en\/wp-json\/wp\/v2\/pages\/1652\/revisions"}],"predecessor-version":[{"id":2016,"href":"https:\/\/electracasado.com\/en\/wp-json\/wp\/v2\/pages\/1652\/revisions\/2016"}],"wp:attachment":[{"href":"https:\/\/electracasado.com\/en\/wp-json\/wp\/v2\/media?parent=1652"}],"curies":[{"name":"wp","href":"https:\/\/api.w.org\/{rel}","templated":true}]}}