{"id":1650,"date":"2023-06-09T08:11:47","date_gmt":"2023-06-09T08:11:47","guid":{"rendered":"https:\/\/electracasado.com\/contact\/"},"modified":"2024-09-30T07:17:28","modified_gmt":"2024-09-30T07:17:28","slug":"contact","status":"publish","type":"page","link":"https:\/\/electracasado.com\/en\/contact\/","title":{"rendered":"Contact"},"content":{"rendered":"\t\t<div data-elementor-type=\"wp-page\" data-elementor-id=\"1650\" class=\"elementor elementor-1650 elementor-160\" data-elementor-post-type=\"page\">\n\t\t\t\t\t\t<section class=\"elementor-section elementor-top-section elementor-element elementor-element-bb86763 elementor-section-stretched elementor-section-full_width cspt-col-stretched-none cspt-bg-color-over-image elementor-section-height-default elementor-section-height-default\" data-id=\"bb86763\" data-element_type=\"section\" data-settings=\"{&quot;stretch_section&quot;:&quot;section-stretched&quot;}\">\n\t\t\t\t\t\t<div class=\"elementor-container elementor-column-gap-default\">\n\t\t\t\t\t<div class=\"elementor-column elementor-col-100 elementor-top-column elementor-element elementor-element-7d4b08b3 cspt-bg-color-over-image\" data-id=\"7d4b08b3\" data-element_type=\"column\">\n\t\t\t<div class=\"elementor-widget-wrap elementor-element-populated\">\n\t\t\t\t\t\t<div class=\"elementor-element elementor-element-5f9cc1d8 elementor-widget elementor-widget-google_maps\" data-id=\"5f9cc1d8\" data-element_type=\"widget\" data-widget_type=\"google_maps.default\">\n\t\t\t\t<div class=\"elementor-widget-container\">\n\t\t\t\t\t\t\t<div class=\"elementor-custom-embed\">\n\t\t\t<iframe loading=\"lazy\"\n\t\t\t\t\tsrc=\"https:\/\/maps.google.com\/maps?q=5HG5%2BV7%20Villanueva%20de%20Algaidas&#038;t=m&#038;z=10&#038;output=embed&#038;iwloc=near\"\n\t\t\t\t\ttitle=\"5HG5+V7 Villanueva de Algaidas\"\n\t\t\t\t\taria-label=\"5HG5+V7 Villanueva de Algaidas\"\n\t\t\t><\/iframe>\n\t\t<\/div>\n\t\t\t\t\t\t<\/div>\n\t\t\t\t<\/div>\n\t\t\t\t\t<\/div>\n\t\t<\/div>\n\t\t\t\t\t<\/div>\n\t\t<\/section>\n\t\t\t\t<section class=\"elementor-section elementor-top-section elementor-element elementor-element-77f4a6c cspt-col-stretched-none cspt-bg-color-over-image elementor-section-boxed elementor-section-height-default elementor-section-height-default\" data-id=\"77f4a6c\" data-element_type=\"section\">\n\t\t\t\t\t\t<div class=\"elementor-container elementor-column-gap-wider\">\n\t\t\t\t\t<div class=\"elementor-column elementor-col-50 elementor-top-column elementor-element elementor-element-6a3441b cspt-bg-color-yes cspt-elementor-bg-color-globalcolor cspt-text-color-white cspt-bg-color-over-image\" data-id=\"6a3441b\" data-element_type=\"column\">\n\t\t\t<div class=\"elementor-widget-wrap elementor-element-populated\">\n\t\t\t\t\t\t<div class=\"elementor-element elementor-element-7cdb681 elementor-widget elementor-widget-heading\" data-id=\"7cdb681\" data-element_type=\"widget\" data-widget_type=\"heading.default\">\n\t\t\t\t<div class=\"elementor-widget-container\">\n\t\t\t\t\t<h2 class=\"elementor-heading-title elementor-size-default\">Contact us at<\/h2>\t\t\t\t<\/div>\n\t\t\t\t<\/div>\n\t\t\t\t<div class=\"elementor-element elementor-element-ecc92ea elementor-widget elementor-widget-heading\" data-id=\"ecc92ea\" data-element_type=\"widget\" data-widget_type=\"heading.default\">\n\t\t\t\t<div class=\"elementor-widget-container\">\n\t\t\t\t\t<h2 class=\"elementor-heading-title elementor-size-default\">Address<\/h2>\t\t\t\t<\/div>\n\t\t\t\t<\/div>\n\t\t\t\t<div class=\"elementor-element elementor-element-cc01adf elementor-widget elementor-widget-text-editor\" data-id=\"cc01adf\" data-element_type=\"widget\" data-widget_type=\"text-editor.default\">\n\t\t\t\t<div class=\"elementor-widget-container\">\n\t\t\t\t\t\t\t\t\t<p>Industrial Estate.<\/p>\n<p>29310 Villanueva de Algaidas, M\u00e1laga<\/p>\n\t\t\t\t\t\t\t\t<\/div>\n\t\t\t\t<\/div>\n\t\t\t\t<div class=\"elementor-element elementor-element-439e6f0 elementor-widget elementor-widget-heading\" data-id=\"439e6f0\" data-element_type=\"widget\" data-widget_type=\"heading.default\">\n\t\t\t\t<div class=\"elementor-widget-container\">\n\t\t\t\t\t<h2 class=\"elementor-heading-title elementor-size-default\">Telephone<\/h2>\t\t\t\t<\/div>\n\t\t\t\t<\/div>\n\t\t\t\t<div class=\"elementor-element elementor-element-5a8a828 elementor-widget elementor-widget-text-editor\" data-id=\"5a8a828\" data-element_type=\"widget\" data-widget_type=\"text-editor.default\">\n\t\t\t\t<div class=\"elementor-widget-container\">\n\t\t\t\t\t\t\t\t\t<p>(+34) 919 930 883<\/p>\n\t\t\t\t\t\t\t\t<\/div>\n\t\t\t\t<\/div>\n\t\t\t\t<div class=\"elementor-element elementor-element-0b26b6a elementor-widget elementor-widget-heading\" data-id=\"0b26b6a\" data-element_type=\"widget\" data-widget_type=\"heading.default\">\n\t\t\t\t<div class=\"elementor-widget-container\">\n\t\t\t\t\t<h2 class=\"elementor-heading-title elementor-size-default\">Email<\/h2>\t\t\t\t<\/div>\n\t\t\t\t<\/div>\n\t\t\t\t<div class=\"elementor-element elementor-element-6d09038 elementor-widget elementor-widget-text-editor\" data-id=\"6d09038\" data-element_type=\"widget\" data-widget_type=\"text-editor.default\">\n\t\t\t\t<div class=\"elementor-widget-container\">\n\t\t\t\t\t\t\t\t\t<p>info@electracasado.com<\/p>\n\t\t\t\t\t\t\t\t<\/div>\n\t\t\t\t<\/div>\n\t\t\t\t<div class=\"elementor-element elementor-element-b325783 elementor-widget elementor-widget-heading\" data-id=\"b325783\" data-element_type=\"widget\" data-widget_type=\"heading.default\">\n\t\t\t\t<div class=\"elementor-widget-container\">\n\t\t\t\t\t<h2 class=\"elementor-heading-title elementor-size-default\">Hours<\/h2>\t\t\t\t<\/div>\n\t\t\t\t<\/div>\n\t\t\t\t<div class=\"elementor-element elementor-element-82d79bc elementor-widget elementor-widget-text-editor\" data-id=\"82d79bc\" data-element_type=\"widget\" data-widget_type=\"text-editor.default\">\n\t\t\t\t<div class=\"elementor-widget-container\">\n\t\t\t\t\t\t\t\t\t<p>Mon-Fri: 09:00 h. &#8211; 19:30 h.<\/p>\n\t\t\t\t\t\t\t\t<\/div>\n\t\t\t\t<\/div>\n\t\t\t\t<div class=\"elementor-element elementor-element-3e38668 elementor-shape-circle e-grid-align-left elementor-grid-0 elementor-widget elementor-widget-social-icons\" data-id=\"3e38668\" data-element_type=\"widget\" data-widget_type=\"social-icons.default\">\n\t\t\t\t<div class=\"elementor-widget-container\">\n\t\t\t\t\t\t\t<div class=\"elementor-social-icons-wrapper elementor-grid\">\n\t\t\t\t\t\t\t<span class=\"elementor-grid-item\">\n\t\t\t\t\t<a class=\"elementor-icon elementor-social-icon elementor-social-icon-facebook elementor-repeater-item-81053a4\" href=\"https:\/\/www.facebook.com\/ElectraCasado\/?locale=es_ES\" target=\"_blank\">\n\t\t\t\t\t\t<span class=\"elementor-screen-only\">Facebook<\/span>\n\t\t\t\t\t\t<i class=\"fab fa-facebook\"><\/i>\t\t\t\t\t<\/a>\n\t\t\t\t<\/span>\n\t\t\t\t\t\t\t<span class=\"elementor-grid-item\">\n\t\t\t\t\t<a class=\"elementor-icon elementor-social-icon elementor-social-icon-instagram elementor-repeater-item-f83aaa2\" href=\"https:\/\/www.instagram.com\/electracasado_soluciones\/\" target=\"_blank\">\n\t\t\t\t\t\t<span class=\"elementor-screen-only\">Instagram<\/span>\n\t\t\t\t\t\t<i class=\"fab fa-instagram\"><\/i>\t\t\t\t\t<\/a>\n\t\t\t\t<\/span>\n\t\t\t\t\t\t\t<span class=\"elementor-grid-item\">\n\t\t\t\t\t<a class=\"elementor-icon elementor-social-icon elementor-social-icon-youtube elementor-repeater-item-9dadc6c\" href=\"https:\/\/www.youtube.com\/channel\/UCVco8rDRk7iqfe5BzTcMrzw\" target=\"_blank\">\n\t\t\t\t\t\t<span class=\"elementor-screen-only\">Youtube<\/span>\n\t\t\t\t\t\t<i class=\"fab fa-youtube\"><\/i>\t\t\t\t\t<\/a>\n\t\t\t\t<\/span>\n\t\t\t\t\t<\/div>\n\t\t\t\t\t\t<\/div>\n\t\t\t\t<\/div>\n\t\t\t\t\t<\/div>\n\t\t<\/div>\n\t\t\t\t<div class=\"elementor-column elementor-col-50 elementor-top-column elementor-element elementor-element-e32c564 cspt-bg-color-over-image\" data-id=\"e32c564\" data-element_type=\"column\">\n\t\t\t<div class=\"elementor-widget-wrap elementor-element-populated\">\n\t\t\t\t\t\t<div class=\"elementor-element elementor-element-f3b9c4c elementor-widget elementor-widget-heading\" data-id=\"f3b9c4c\" data-element_type=\"widget\" data-widget_type=\"heading.default\">\n\t\t\t\t<div class=\"elementor-widget-container\">\n\t\t\t\t\t<h2 class=\"elementor-heading-title elementor-size-default\">Write to us at\n<\/h2>\t\t\t\t<\/div>\n\t\t\t\t<\/div>\n\t\t\t\t<div class=\"elementor-element elementor-element-a962e15 elementor-button-align-stretch elementor-widget elementor-widget-form\" data-id=\"a962e15\" data-element_type=\"widget\" data-settings=\"{&quot;step_next_label&quot;:&quot;Next&quot;,&quot;step_previous_label&quot;:&quot;Previous&quot;,&quot;button_width&quot;:&quot;100&quot;,&quot;step_type&quot;:&quot;number_text&quot;,&quot;step_icon_shape&quot;:&quot;circle&quot;}\" data-widget_type=\"form.default\">\n\t\t\t\t<div class=\"elementor-widget-container\">\n\t\t\t\t\t\t\t<form class=\"elementor-form\" method=\"post\" name=\"New Form\">\n\t\t\t<input type=\"hidden\" name=\"post_id\" value=\"1650\"\/>\n\t\t\t<input type=\"hidden\" name=\"form_id\" value=\"a962e15\"\/>\n\t\t\t<input type=\"hidden\" name=\"referer_title\" value=\"Electracasado\" \/>\n\n\t\t\t\n\t\t\t<div class=\"elementor-form-fields-wrapper elementor-labels-\">\n\t\t\t\t\t\t\t\t<div class=\"elementor-field-type-text elementor-field-group elementor-column elementor-field-group-name elementor-col-100\">\n\t\t\t\t\t\t\t\t\t\t\t\t<label for=\"form-field-name\" class=\"elementor-field-label elementor-screen-only\">\n\t\t\t\t\t\t\t\tName\t\t\t\t\t\t\t<\/label>\n\t\t\t\t\t\t\t\t\t\t\t\t\t\t<input size=\"1\" type=\"text\" name=\"form_fields[name]\" id=\"form-field-name\" class=\"elementor-field elementor-size-sm  elementor-field-textual\" placeholder=\"Name\">\n\t\t\t\t\t\t\t\t\t\t\t<\/div>\n\t\t\t\t\t\t\t\t<div class=\"elementor-field-type-email elementor-field-group elementor-column elementor-field-group-email elementor-col-100 elementor-field-required\">\n\t\t\t\t\t\t\t\t\t\t\t\t<label for=\"form-field-email\" class=\"elementor-field-label elementor-screen-only\">\n\t\t\t\t\t\t\t\tEmail\t\t\t\t\t\t\t<\/label>\n\t\t\t\t\t\t\t\t\t\t\t\t\t\t<input size=\"1\" type=\"email\" name=\"form_fields[email]\" id=\"form-field-email\" class=\"elementor-field elementor-size-sm  elementor-field-textual\" placeholder=\"Email\" required=\"required\" aria-required=\"true\">\n\t\t\t\t\t\t\t\t\t\t\t<\/div>\n\t\t\t\t\t\t\t\t<div class=\"elementor-field-type-textarea elementor-field-group elementor-column elementor-field-group-message elementor-col-100\">\n\t\t\t\t\t\t\t\t\t\t\t\t<label for=\"form-field-message\" class=\"elementor-field-label elementor-screen-only\">\n\t\t\t\t\t\t\t\tMessage\t\t\t\t\t\t\t<\/label>\n\t\t\t\t\t\t<textarea class=\"elementor-field-textual elementor-field  elementor-size-sm\" name=\"form_fields[message]\" id=\"form-field-message\" rows=\"4\" placeholder=\"Message\"><\/textarea>\t\t\t\t<\/div>\n\t\t\t\t\t\t\t\t<div class=\"elementor-field-type-acceptance elementor-field-group elementor-column elementor-field-group-field_045ab16 elementor-col-100\">\n\t\t\t\t\t\t\t<div class=\"elementor-field-subgroup\">\n\t\t\t<span class=\"elementor-field-option\">\n\t\t\t\t<input type=\"checkbox\" name=\"form_fields[field_045ab16]\" id=\"form-field-field_045ab16\" class=\"elementor-field elementor-size-sm  elementor-acceptance-field\">\n\t\t\t\t<label for=\"form-field-field_045ab16\">I accept the <a href=\"https:\/\/electracasado.com\/aviso-legal\/\">Legal Notice.<\/a><\/label>\t\t\t<\/span>\n\t\t<\/div>\n\t\t\t\t\t\t<\/div>\n\t\t\t\t\t\t\t\t<div class=\"elementor-field-type-recaptcha_v3 elementor-field-group elementor-column elementor-field-group-field_076c837 elementor-col-100 recaptcha_v3-inline\">\n\t\t\t\t\t<div class=\"elementor-field\" id=\"form-field-field_076c837\"><div class=\"elementor-g-recaptcha\" data-sitekey=\"6LfwyO0kAAAAAD6J6JwQA8LdV74pcPqOTVArSTse\" data-type=\"v3\" data-action=\"Form\" data-badge=\"inline\" data-size=\"invisible\"><\/div><\/div>\t\t\t\t<\/div>\n\t\t\t\t\t\t\t\t<div class=\"elementor-field-group elementor-column elementor-field-type-submit elementor-col-100 e-form__buttons\">\n\t\t\t\t\t<button class=\"elementor-button elementor-size-sm\" type=\"submit\">\n\t\t\t\t\t\t<span class=\"elementor-button-content-wrapper\">\n\t\t\t\t\t\t\t\t\t\t\t\t\t\t\t\t\t\t\t\t\t\t<span class=\"elementor-button-text\">Send<\/span>\n\t\t\t\t\t\t\t\t\t\t\t\t\t<\/span>\n\t\t\t\t\t<\/button>\n\t\t\t\t<\/div>\n\t\t\t<\/div>\n\t\t<\/form>\n\t\t\t\t\t\t<\/div>\n\t\t\t\t<\/div>\n\t\t\t\t\t<\/div>\n\t\t<\/div>\n\t\t\t\t\t<\/div>\n\t\t<\/section>\n\t\t\t\t<\/div>\n\t\t","protected":false},"excerpt":{"rendered":"<p>Al cargar el mapa, acepta la pol\u00edtica de privacidad de Google. M\u00e1s informaci\u00f3n Cargar el mapa Desbloquear Google Maps siempre Contact us at Address Industrial Estate. 29310 Villanueva de Algaidas, M\u00e1laga Telephone (+34) 919 930 883 Email info@electracasado.com Hours Mon-Fri: 09:00 h. &#8211; 19:30 h. Facebook Instagram Youtube Write to us at<\/p>\n","protected":false},"author":1,"featured_media":0,"parent":0,"menu_order":23,"comment_status":"closed","ping_status":"closed","template":"","meta":{"footnotes":""},"class_list":["post-1650","page","type-page","status-publish","hentry"],"yoast_head":"<!-- This site is optimized with the Yoast SEO plugin v24.9 - https:\/\/yoast.com\/wordpress\/plugins\/seo\/ -->\n<title>Contact | Electra Casado<\/title>\n<meta name=\"description\" content=\"Please contact us by phone at 919 930 883 or by email at info@electracasado.com. You can also come and see us.\" \/>\n<meta name=\"robots\" content=\"index, follow, max-snippet:-1, max-image-preview:large, max-video-preview:-1\" \/>\n<link rel=\"canonical\" href=\"https:\/\/electracasado.com\/en\/contact\/\" \/>\n<meta property=\"og:locale\" content=\"en_US\" \/>\n<meta property=\"og:type\" content=\"article\" \/>\n<meta property=\"og:title\" content=\"Contact | Electra Casado\" \/>\n<meta property=\"og:description\" content=\"Please contact us by phone at 919 930 883 or by email at info@electracasado.com. You can also come and see us.\" \/>\n<meta property=\"og:url\" content=\"https:\/\/electracasado.com\/en\/contact\/\" \/>\n<meta property=\"og:site_name\" content=\"Electracasado\" \/>\n<meta property=\"article:publisher\" content=\"https:\/\/www.facebook.com\/ElectraCasado\" \/>\n<meta property=\"article:modified_time\" content=\"2024-09-30T07:17:28+00:00\" \/>\n<meta property=\"og:image\" content=\"https:\/\/electracasado.com\/wp-content\/plugins\/borlabs-cookie\/assets\/images\/cb-maps.png\" \/>\n<meta name=\"twitter:card\" content=\"summary_large_image\" \/>\n<meta name=\"twitter:label1\" content=\"Est. reading time\" \/>\n\t<meta name=\"twitter:data1\" content=\"1 minute\" \/>\n<script type=\"application\/ld+json\" class=\"yoast-schema-graph\">{\"@context\":\"https:\/\/schema.org\",\"@graph\":[{\"@type\":\"WebPage\",\"@id\":\"https:\/\/electracasado.com\/en\/contact\/\",\"url\":\"https:\/\/electracasado.com\/en\/contact\/\",\"name\":\"Contact | Electra Casado\",\"isPartOf\":{\"@id\":\"https:\/\/electracasado.com\/#website\"},\"primaryImageOfPage\":{\"@id\":\"https:\/\/electracasado.com\/en\/contact\/#primaryimage\"},\"image\":{\"@id\":\"https:\/\/electracasado.com\/en\/contact\/#primaryimage\"},\"thumbnailUrl\":\"https:\/\/electracasado.com\/wp-content\/plugins\/borlabs-cookie\/assets\/images\/cb-maps.png\",\"datePublished\":\"2023-06-09T08:11:47+00:00\",\"dateModified\":\"2024-09-30T07:17:28+00:00\",\"description\":\"Please contact us by phone at 919 930 883 or by email at info@electracasado.com. You can also come and see us.\",\"breadcrumb\":{\"@id\":\"https:\/\/electracasado.com\/en\/contact\/#breadcrumb\"},\"inLanguage\":\"en-US\",\"potentialAction\":[{\"@type\":\"ReadAction\",\"target\":[\"https:\/\/electracasado.com\/en\/contact\/\"]}]},{\"@type\":\"ImageObject\",\"inLanguage\":\"en-US\",\"@id\":\"https:\/\/electracasado.com\/en\/contact\/#primaryimage\",\"url\":\"https:\/\/electracasado.com\/wp-content\/plugins\/borlabs-cookie\/assets\/images\/cb-maps.png\",\"contentUrl\":\"https:\/\/electracasado.com\/wp-content\/plugins\/borlabs-cookie\/assets\/images\/cb-maps.png\"},{\"@type\":\"BreadcrumbList\",\"@id\":\"https:\/\/electracasado.com\/en\/contact\/#breadcrumb\",\"itemListElement\":[{\"@type\":\"ListItem\",\"position\":1,\"name\":\"Portada\",\"item\":\"https:\/\/electracasado.com\/en\/\"},{\"@type\":\"ListItem\",\"position\":2,\"name\":\"Contact\"}]},{\"@type\":\"WebSite\",\"@id\":\"https:\/\/electracasado.com\/#website\",\"url\":\"https:\/\/electracasado.com\/\",\"name\":\"Electracasado\",\"description\":\"Montajes El\u00e9ctricos y Soluciones Solares\",\"publisher\":{\"@id\":\"https:\/\/electracasado.com\/#organization\"},\"potentialAction\":[{\"@type\":\"SearchAction\",\"target\":{\"@type\":\"EntryPoint\",\"urlTemplate\":\"https:\/\/electracasado.com\/?s={search_term_string}\"},\"query-input\":{\"@type\":\"PropertyValueSpecification\",\"valueRequired\":true,\"valueName\":\"search_term_string\"}}],\"inLanguage\":\"en-US\"},{\"@type\":\"Organization\",\"@id\":\"https:\/\/electracasado.com\/#organization\",\"name\":\"Electracasado\",\"url\":\"https:\/\/electracasado.com\/\",\"logo\":{\"@type\":\"ImageObject\",\"inLanguage\":\"en-US\",\"@id\":\"https:\/\/electracasado.com\/#\/schema\/logo\/image\/\",\"url\":\"https:\/\/electracasado.com\/wp-content\/uploads\/2023\/03\/electra-casado-uno_Mesa-de-trabajo-1-1.png\",\"contentUrl\":\"https:\/\/electracasado.com\/wp-content\/uploads\/2023\/03\/electra-casado-uno_Mesa-de-trabajo-1-1.png\",\"width\":985,\"height\":412,\"caption\":\"Electracasado\"},\"image\":{\"@id\":\"https:\/\/electracasado.com\/#\/schema\/logo\/image\/\"},\"sameAs\":[\"https:\/\/www.facebook.com\/ElectraCasado\",\"https:\/\/www.instagram.com\/electracasado_soluciones\/\"]}]}<\/script>\n<!-- \/ Yoast SEO plugin. -->","yoast_head_json":{"title":"Contact | Electra Casado","description":"Please contact us by phone at 919 930 883 or by email at info@electracasado.com. You can also come and see us.","robots":{"index":"index","follow":"follow","max-snippet":"max-snippet:-1","max-image-preview":"max-image-preview:large","max-video-preview":"max-video-preview:-1"},"canonical":"https:\/\/electracasado.com\/en\/contact\/","og_locale":"en_US","og_type":"article","og_title":"Contact | Electra Casado","og_description":"Please contact us by phone at 919 930 883 or by email at info@electracasado.com. You can also come and see us.","og_url":"https:\/\/electracasado.com\/en\/contact\/","og_site_name":"Electracasado","article_publisher":"https:\/\/www.facebook.com\/ElectraCasado","article_modified_time":"2024-09-30T07:17:28+00:00","og_image":[{"url":"https:\/\/electracasado.com\/wp-content\/plugins\/borlabs-cookie\/assets\/images\/cb-maps.png","type":"","width":"","height":""}],"twitter_card":"summary_large_image","twitter_misc":{"Est. reading time":"1 minute"},"schema":{"@context":"https:\/\/schema.org","@graph":[{"@type":"WebPage","@id":"https:\/\/electracasado.com\/en\/contact\/","url":"https:\/\/electracasado.com\/en\/contact\/","name":"Contact | Electra Casado","isPartOf":{"@id":"https:\/\/electracasado.com\/#website"},"primaryImageOfPage":{"@id":"https:\/\/electracasado.com\/en\/contact\/#primaryimage"},"image":{"@id":"https:\/\/electracasado.com\/en\/contact\/#primaryimage"},"thumbnailUrl":"https:\/\/electracasado.com\/wp-content\/plugins\/borlabs-cookie\/assets\/images\/cb-maps.png","datePublished":"2023-06-09T08:11:47+00:00","dateModified":"2024-09-30T07:17:28+00:00","description":"Please contact us by phone at 919 930 883 or by email at info@electracasado.com. You can also come and see us.","breadcrumb":{"@id":"https:\/\/electracasado.com\/en\/contact\/#breadcrumb"},"inLanguage":"en-US","potentialAction":[{"@type":"ReadAction","target":["https:\/\/electracasado.com\/en\/contact\/"]}]},{"@type":"ImageObject","inLanguage":"en-US","@id":"https:\/\/electracasado.com\/en\/contact\/#primaryimage","url":"https:\/\/electracasado.com\/wp-content\/plugins\/borlabs-cookie\/assets\/images\/cb-maps.png","contentUrl":"https:\/\/electracasado.com\/wp-content\/plugins\/borlabs-cookie\/assets\/images\/cb-maps.png"},{"@type":"BreadcrumbList","@id":"https:\/\/electracasado.com\/en\/contact\/#breadcrumb","itemListElement":[{"@type":"ListItem","position":1,"name":"Portada","item":"https:\/\/electracasado.com\/en\/"},{"@type":"ListItem","position":2,"name":"Contact"}]},{"@type":"WebSite","@id":"https:\/\/electracasado.com\/#website","url":"https:\/\/electracasado.com\/","name":"Electracasado","description":"Montajes El\u00e9ctricos y Soluciones Solares","publisher":{"@id":"https:\/\/electracasado.com\/#organization"},"potentialAction":[{"@type":"SearchAction","target":{"@type":"EntryPoint","urlTemplate":"https:\/\/electracasado.com\/?s={search_term_string}"},"query-input":{"@type":"PropertyValueSpecification","valueRequired":true,"valueName":"search_term_string"}}],"inLanguage":"en-US"},{"@type":"Organization","@id":"https:\/\/electracasado.com\/#organization","name":"Electracasado","url":"https:\/\/electracasado.com\/","logo":{"@type":"ImageObject","inLanguage":"en-US","@id":"https:\/\/electracasado.com\/#\/schema\/logo\/image\/","url":"https:\/\/electracasado.com\/wp-content\/uploads\/2023\/03\/electra-casado-uno_Mesa-de-trabajo-1-1.png","contentUrl":"https:\/\/electracasado.com\/wp-content\/uploads\/2023\/03\/electra-casado-uno_Mesa-de-trabajo-1-1.png","width":985,"height":412,"caption":"Electracasado"},"image":{"@id":"https:\/\/electracasado.com\/#\/schema\/logo\/image\/"},"sameAs":["https:\/\/www.facebook.com\/ElectraCasado","https:\/\/www.instagram.com\/electracasado_soluciones\/"]}]}},"_links":{"self":[{"href":"https:\/\/electracasado.com\/en\/wp-json\/wp\/v2\/pages\/1650"}],"collection":[{"href":"https:\/\/electracasado.com\/en\/wp-json\/wp\/v2\/pages"}],"about":[{"href":"https:\/\/electracasado.com\/en\/wp-json\/wp\/v2\/types\/page"}],"author":[{"embeddable":true,"href":"https:\/\/electracasado.com\/en\/wp-json\/wp\/v2\/users\/1"}],"replies":[{"embeddable":true,"href":"https:\/\/electracasado.com\/en\/wp-json\/wp\/v2\/comments?post=1650"}],"version-history":[{"count":3,"href":"https:\/\/electracasado.com\/en\/wp-json\/wp\/v2\/pages\/1650\/revisions"}],"predecessor-version":[{"id":1695,"href":"https:\/\/electracasado.com\/en\/wp-json\/wp\/v2\/pages\/1650\/revisions\/1695"}],"wp:attachment":[{"href":"https:\/\/electracasado.com\/en\/wp-json\/wp\/v2\/media?parent=1650"}],"curies":[{"name":"wp","href":"https:\/\/api.w.org\/{rel}","templated":true}]}}