{"id":1646,"date":"2023-06-09T07:55:37","date_gmt":"2023-06-09T07:55:37","guid":{"rendered":"https:\/\/electracasado.com\/services\/"},"modified":"2024-09-30T07:06:58","modified_gmt":"2024-09-30T07:06:58","slug":"solar-energy-services","status":"publish","type":"page","link":"https:\/\/electracasado.com\/en\/solar-energy-services\/","title":{"rendered":"Services"},"content":{"rendered":"\t\t<div data-elementor-type=\"wp-page\" data-elementor-id=\"1646\" class=\"elementor elementor-1646 elementor-165\" data-elementor-post-type=\"page\">\n\t\t\t\t\t\t<section class=\"elementor-section elementor-top-section elementor-element elementor-element-1ca7f387 cspt-bg-color-yes cspt-elementor-bg-color-light elementor-section-stretched cspt-col-stretched-none cspt-bg-color-over-image elementor-section-boxed elementor-section-height-default elementor-section-height-default\" data-id=\"1ca7f387\" data-element_type=\"section\" data-settings=\"{&quot;stretch_section&quot;:&quot;section-stretched&quot;}\">\n\t\t\t\t\t\t<div class=\"elementor-container elementor-column-gap-no\">\n\t\t\t\t\t<div class=\"elementor-column elementor-col-100 elementor-top-column elementor-element elementor-element-46c39b33 cspt-bg-color-over-image\" data-id=\"46c39b33\" data-element_type=\"column\">\n\t\t\t<div class=\"elementor-widget-wrap elementor-element-populated\">\n\t\t\t\t\t\t<div class=\"elementor-element elementor-element-78ab6612 elementor-widget elementor-widget-cspt_service_element\" data-id=\"78ab6612\" data-element_type=\"widget\" data-widget_type=\"cspt_service_element.default\">\n\t\t\t\t<div class=\"elementor-widget-container\">\n\t\t\t\t\t\r\n\t\t<div class=\"creativesplanet-element creativesplanet-element-service cspt-element-service-style-3 creativesplanet-element-viewtype-row-column creativesplanet-gap-30px\" data-show=\"9\" data-columns=\"3\" data-loop=\"false\" data-autoplay=\"false\" data-center=\"false\" data-nav=\"false\" data-dots=\"false\" data-autoplayspeed=\"1000\" data-margin=\"30px\"><div class=\"creativesplanet-element-inner\">\r\n\t\t\r\n\t\t\t<div class=\"cspt-ele-header-area\">\r\n\t\t\t\t\t<div class=\"cspt-heading-subheading -align \"><\/div>\r\n\t\t\t\t\r\n\t\t\t<\/div>\r\n\r\n\t\t\t<div class=\"cspt-element-posts-wrapper row multi-columns-row\">\r\n\r\n\t\t\t<div class=\"cspt-ele cspt-service-ele col-md-4 telecomunicaciones-en\"><article class=\"creativesplanet-ele creativesplanet-ele-service cspt-service-style-3\">\r\n\t<div class=\"creativesplanet-post-item\">\t\r\n\t\t<div class=\"cspt-featured-wrapper\"><a href=\"https:\/\/electracasado.com\/en\/service\/telecommunications\/\"><img fetchpriority=\"high\" decoding=\"async\" width=\"770\" height=\"500\" src=\"https:\/\/electracasado.com\/wp-content\/uploads\/2018\/10\/telecomunicaciones_Electracasado-770x500.jpg\" class=\"attachment-cspt-img-770x500 size-cspt-img-770x500 wp-post-image\" alt=\"Expertos en telecomunicaciones\" srcset=\"https:\/\/electracasado.com\/wp-content\/uploads\/2018\/10\/telecomunicaciones_Electracasado.jpg 770w, https:\/\/electracasado.com\/wp-content\/uploads\/2018\/10\/telecomunicaciones_Electracasado-600x390.jpg 600w, https:\/\/electracasado.com\/wp-content\/uploads\/2018\/10\/telecomunicaciones_Electracasado-300x195.jpg 300w, https:\/\/electracasado.com\/wp-content\/uploads\/2018\/10\/telecomunicaciones_Electracasado-768x499.jpg 768w\" sizes=\"(max-width: 770px) 100vw, 770px\" data-id=\"1490\" \/><\/a><\/div>\t\r\n\t\t<div class=\"creativesplanet-box-content\">\r\n\t\t\t<div class=\"cspt-service-icon\">\r\n\t\t\t\t<div class=\"cspt-service-icon-wrapper\">\r\n\t\t\t\t\t<i class=\"sgicon sgicon-Signal\"><\/i>\t\t\t\t<\/div>\r\n\t\t\t<\/div>\r\n\t\t\t<div class=\"creativesplanet-box-content-inner\">\r\n\t\t\t\t<div class=\"cspt-service-category\">\t\t<span class=\"cspt-service-cat\"><a href=\"https:\/\/electracasado.com\/en\/servicio-categoria\/telecomunicaciones-en\/\" rel=\"tag\">Telecommunications<\/a><\/span>\r\n\t\t<\/div>\r\n\t\t\t\t<h3 class=\"cspt-service-title\"><a href=\"https:\/\/electracasado.com\/en\/service\/telecommunications\/\">Telecommunications<\/a><\/h3> \r\n\t\t\t\t\t\t\t\t<div class=\"cspt-service-content\"><p>We install individual or collective TV antennas. Video surveillance and access control equipment, radio repeaters, satellite and fibre optic communication. Our clients are both companies and private individuals.<\/p>\n<\/div>\r\n\t\t\t\t\t\t\t\t<div class=\"cspt-service-btn\">\r\n\t\t\t\t\t<div class=\"vc_btn3-container vc_btn3-inline\">\r\n\t\t\t\t\t\t<a class=\"vc_general vc_btn3 vc_btn3-size-md vc_btn3-shape-rounded vc_btn3-style-modern vc_btn3-icon-right vc_btn3-color-globalcolor\" href=\"https:\/\/electracasado.com\/en\/service\/telecommunications\/\">More<\/a>\r\n\t\t\t\t\t<\/div>\r\n\t\t\t\t<\/div>\r\n\t\t\t<\/div>\r\n\t\t<\/div>\r\n\t<\/div>\r\n<\/article><\/div><div class=\"cspt-ele cspt-service-ele col-md-4 comprehensive-maintenance\"><article class=\"creativesplanet-ele creativesplanet-ele-service cspt-service-style-3\">\r\n\t<div class=\"creativesplanet-post-item\">\t\r\n\t\t<div class=\"cspt-featured-wrapper\"><a href=\"https:\/\/electracasado.com\/en\/service\/integral-maintenance\/\"><img decoding=\"async\" width=\"770\" height=\"500\" src=\"https:\/\/electracasado.com\/wp-content\/uploads\/2023\/02\/mantenimiento-electrico-770x500.jpg\" class=\"attachment-cspt-img-770x500 size-cspt-img-770x500 wp-post-image\" alt=\"Mantenimiento\" srcset=\"https:\/\/electracasado.com\/wp-content\/uploads\/2023\/02\/mantenimiento-electrico.jpg 770w, https:\/\/electracasado.com\/wp-content\/uploads\/2023\/02\/mantenimiento-electrico-300x195.jpg 300w, https:\/\/electracasado.com\/wp-content\/uploads\/2023\/02\/mantenimiento-electrico-768x499.jpg 768w\" sizes=\"(max-width: 770px) 100vw, 770px\" data-id=\"1632\" \/><\/a><\/div>\t\r\n\t\t<div class=\"creativesplanet-box-content\">\r\n\t\t\t<div class=\"cspt-service-icon\">\r\n\t\t\t\t<div class=\"cspt-service-icon-wrapper\">\r\n\t\t\t\t\t<i class=\"entypo-icon entypo-icon-tools\"><\/i>\t\t\t\t<\/div>\r\n\t\t\t<\/div>\r\n\t\t\t<div class=\"creativesplanet-box-content-inner\">\r\n\t\t\t\t<div class=\"cspt-service-category\">\t\t<span class=\"cspt-service-cat\"><a href=\"https:\/\/electracasado.com\/en\/servicio-categoria\/comprehensive-maintenance\/\" rel=\"tag\">Comprehensive maintenance<\/a><\/span>\r\n\t\t<\/div>\r\n\t\t\t\t<h3 class=\"cspt-service-title\"><a href=\"https:\/\/electracasado.com\/en\/service\/integral-maintenance\/\">Integral Maintenance<\/a><\/h3> \r\n\t\t\t\t\t\t\t\t<div class=\"cspt-service-content\"><p>We carry out maintenance for both small domestic installations and large public lighting networks, guaranteeing the perfect and optimised operation of the service.<\/p>\n<\/div>\r\n\t\t\t\t\t\t\t\t<div class=\"cspt-service-btn\">\r\n\t\t\t\t\t<div class=\"vc_btn3-container vc_btn3-inline\">\r\n\t\t\t\t\t\t<a class=\"vc_general vc_btn3 vc_btn3-size-md vc_btn3-shape-rounded vc_btn3-style-modern vc_btn3-icon-right vc_btn3-color-globalcolor\" href=\"https:\/\/electracasado.com\/en\/service\/integral-maintenance\/\">More<\/a>\r\n\t\t\t\t\t<\/div>\r\n\t\t\t\t<\/div>\r\n\t\t\t<\/div>\r\n\t\t<\/div>\r\n\t<\/div>\r\n<\/article><\/div><div class=\"cspt-ele cspt-service-ele col-md-4 home-automation\"><article class=\"creativesplanet-ele creativesplanet-ele-service cspt-service-style-3\">\r\n\t<div class=\"creativesplanet-post-item\">\t\r\n\t\t<div class=\"cspt-featured-wrapper\"><a href=\"https:\/\/electracasado.com\/en\/service\/domotics-and-automation\/\"><img decoding=\"async\" width=\"770\" height=\"500\" src=\"https:\/\/electracasado.com\/wp-content\/uploads\/2023\/02\/domotica-electracasado-scaled-e1676464793708-770x500.jpg\" class=\"attachment-cspt-img-770x500 size-cspt-img-770x500 wp-post-image\" alt=\"Automatizaci\u00f3n y sistemas de dom\u00f3tica\" data-id=\"1534\" \/><\/a><\/div>\t\r\n\t\t<div class=\"creativesplanet-box-content\">\r\n\t\t\t<div class=\"cspt-service-icon\">\r\n\t\t\t\t<div class=\"cspt-service-icon-wrapper\">\r\n\t\t\t\t\t<i class=\"entypo-icon entypo-icon-shareable\"><\/i>\t\t\t\t<\/div>\r\n\t\t\t<\/div>\r\n\t\t\t<div class=\"creativesplanet-box-content-inner\">\r\n\t\t\t\t<div class=\"cspt-service-category\">\t\t<span class=\"cspt-service-cat\"><a href=\"https:\/\/electracasado.com\/en\/servicio-categoria\/home-automation\/\" rel=\"tag\">Home automation<\/a><\/span>\r\n\t\t<\/div>\r\n\t\t\t\t<h3 class=\"cspt-service-title\"><a href=\"https:\/\/electracasado.com\/en\/service\/domotics-and-automation\/\">Domotics and automation<\/a><\/h3> \r\n\t\t\t\t\t\t\t\t<div class=\"cspt-service-content\"><p>From your phone and with the best domotic equipment you can control everything from the air conditioning of a house to the feeding of livestock and the automated irrigation of a farm.<\/p>\n<\/div>\r\n\t\t\t\t\t\t\t\t<div class=\"cspt-service-btn\">\r\n\t\t\t\t\t<div class=\"vc_btn3-container vc_btn3-inline\">\r\n\t\t\t\t\t\t<a class=\"vc_general vc_btn3 vc_btn3-size-md vc_btn3-shape-rounded vc_btn3-style-modern vc_btn3-icon-right vc_btn3-color-globalcolor\" href=\"https:\/\/electracasado.com\/en\/service\/domotics-and-automation\/\">More<\/a>\r\n\t\t\t\t\t<\/div>\r\n\t\t\t\t<\/div>\r\n\t\t\t<\/div>\r\n\t\t<\/div>\r\n\t<\/div>\r\n<\/article><\/div><div class=\"cspt-ele cspt-service-ele col-md-4 irrigation\"><article class=\"creativesplanet-ele creativesplanet-ele-service cspt-service-style-3\">\r\n\t<div class=\"creativesplanet-post-item\">\t\r\n\t\t<div class=\"cspt-featured-wrapper\"><a href=\"https:\/\/electracasado.com\/en\/service\/solar-pumping\/\"><img loading=\"lazy\" decoding=\"async\" width=\"770\" height=\"500\" src=\"https:\/\/electracasado.com\/wp-content\/uploads\/2018\/12\/riego-solar_Electracasado-770x500.jpg\" class=\"attachment-cspt-img-770x500 size-cspt-img-770x500 wp-post-image\" alt=\"Instalaci\u00f3n bombeo solar para\" srcset=\"https:\/\/electracasado.com\/wp-content\/uploads\/2018\/12\/riego-solar_Electracasado.jpg 770w, https:\/\/electracasado.com\/wp-content\/uploads\/2018\/12\/riego-solar_Electracasado-600x390.jpg 600w, https:\/\/electracasado.com\/wp-content\/uploads\/2018\/12\/riego-solar_Electracasado-300x195.jpg 300w, https:\/\/electracasado.com\/wp-content\/uploads\/2018\/12\/riego-solar_Electracasado-768x499.jpg 768w\" sizes=\"(max-width: 770px) 100vw, 770px\" data-id=\"1488\" \/><\/a><\/div>\t\r\n\t\t<div class=\"creativesplanet-box-content\">\r\n\t\t\t<div class=\"cspt-service-icon\">\r\n\t\t\t\t<div class=\"cspt-service-icon-wrapper\">\r\n\t\t\t\t\t<i class=\"cspt-greenly-icon cspt-greenly-icon-save-water\"><\/i>\t\t\t\t<\/div>\r\n\t\t\t<\/div>\r\n\t\t\t<div class=\"creativesplanet-box-content-inner\">\r\n\t\t\t\t<div class=\"cspt-service-category\">\t\t<span class=\"cspt-service-cat\"><a href=\"https:\/\/electracasado.com\/en\/servicio-categoria\/irrigation\/\" rel=\"tag\">Irrigation<\/a><\/span>\r\n\t\t<\/div>\r\n\t\t\t\t<h3 class=\"cspt-service-title\"><a href=\"https:\/\/electracasado.com\/en\/service\/solar-pumping\/\">Solar Pumping<\/a><\/h3> \r\n\t\t\t\t\t\t\t\t<div class=\"cspt-service-content\"><p>We are experts in the necessary installations for solar pumping for irrigation, water transfer or water supply. It is undoubtedly the system that pays for itself the fastest and is totally independent of the electricity grid.<\/p>\n<\/div>\r\n\t\t\t\t\t\t\t\t<div class=\"cspt-service-btn\">\r\n\t\t\t\t\t<div class=\"vc_btn3-container vc_btn3-inline\">\r\n\t\t\t\t\t\t<a class=\"vc_general vc_btn3 vc_btn3-size-md vc_btn3-shape-rounded vc_btn3-style-modern vc_btn3-icon-right vc_btn3-color-globalcolor\" href=\"https:\/\/electracasado.com\/en\/service\/solar-pumping\/\">More<\/a>\r\n\t\t\t\t\t<\/div>\r\n\t\t\t\t<\/div>\r\n\t\t\t<\/div>\r\n\t\t<\/div>\r\n\t<\/div>\r\n<\/article><\/div><div class=\"cspt-ele cspt-service-ele col-md-4 electricity\"><article class=\"creativesplanet-ele creativesplanet-ele-service cspt-service-style-3\">\r\n\t<div class=\"creativesplanet-post-item\">\t\r\n\t\t<div class=\"cspt-featured-wrapper\"><a href=\"https:\/\/electracasado.com\/en\/service\/solar-panels\/\"><img loading=\"lazy\" decoding=\"async\" width=\"770\" height=\"500\" src=\"https:\/\/electracasado.com\/wp-content\/uploads\/2018\/12\/paneles-solares_Electracasado-770x500.jpg\" class=\"attachment-cspt-img-770x500 size-cspt-img-770x500 wp-post-image\" alt=\"Paneles solares instalados por Electracasado\" srcset=\"https:\/\/electracasado.com\/wp-content\/uploads\/2018\/12\/paneles-solares_Electracasado.jpg 770w, https:\/\/electracasado.com\/wp-content\/uploads\/2018\/12\/paneles-solares_Electracasado-600x390.jpg 600w, https:\/\/electracasado.com\/wp-content\/uploads\/2018\/12\/paneles-solares_Electracasado-300x195.jpg 300w, https:\/\/electracasado.com\/wp-content\/uploads\/2018\/12\/paneles-solares_Electracasado-768x499.jpg 768w\" sizes=\"(max-width: 770px) 100vw, 770px\" data-id=\"1486\" \/><\/a><\/div>\t\r\n\t\t<div class=\"creativesplanet-box-content\">\r\n\t\t\t<div class=\"cspt-service-icon\">\r\n\t\t\t\t<div class=\"cspt-service-icon-wrapper\">\r\n\t\t\t\t\t<i class=\"cspt-greenly-icon cspt-greenly-icon-solar-panel\"><\/i>\t\t\t\t<\/div>\r\n\t\t\t<\/div>\r\n\t\t\t<div class=\"creativesplanet-box-content-inner\">\r\n\t\t\t\t<div class=\"cspt-service-category\">\t\t<span class=\"cspt-service-cat\"><a href=\"https:\/\/electracasado.com\/en\/servicio-categoria\/electricity\/\" rel=\"tag\">Electricity<\/a><\/span>\r\n\t\t<\/div>\r\n\t\t\t\t<h3 class=\"cspt-service-title\"><a href=\"https:\/\/electracasado.com\/en\/service\/solar-panels\/\">Solar Panels<\/a><\/h3> \r\n\t\t\t\t\t\t\t\t<div class=\"cspt-service-content\"><p>Photovoltaic energy installations aimed at both private individuals and industry so that we are never left without electricity even in the event of general power cuts or natural or other catastrophes.<\/p>\n<\/div>\r\n\t\t\t\t\t\t\t\t<div class=\"cspt-service-btn\">\r\n\t\t\t\t\t<div class=\"vc_btn3-container vc_btn3-inline\">\r\n\t\t\t\t\t\t<a class=\"vc_general vc_btn3 vc_btn3-size-md vc_btn3-shape-rounded vc_btn3-style-modern vc_btn3-icon-right vc_btn3-color-globalcolor\" href=\"https:\/\/electracasado.com\/en\/service\/solar-panels\/\">More<\/a>\r\n\t\t\t\t\t<\/div>\r\n\t\t\t\t<\/div>\r\n\t\t\t<\/div>\r\n\t\t<\/div>\r\n\t<\/div>\r\n<\/article><\/div>\r\n\t\t\t<\/div>\r\n\r\n\t\t\t\r\n\t\t\r\n\t\t<\/div><!-- .creativesplanet-element-inner -->   <\/div><!-- .creativesplanet-element -->  \r\n\t    \t\t\t\t<\/div>\n\t\t\t\t<\/div>\n\t\t\t\t\t<\/div>\n\t\t<\/div>\n\t\t\t\t\t<\/div>\n\t\t<\/section>\n\t\t\t\t<\/div>\n\t\t","protected":false},"excerpt":{"rendered":"<p>Electricidad Placas Solares Instalaciones de energ\u00eda fotovotaica dirigidas tanto a particulares como a industria para que nunca nos quedemos sin energ\u00eda el\u00e9ctrica a\u00fan en caso de cortes generales o cat\u00e1strofes naturales o de otra \u00edndole. Leer Riego Bombeo Solar Somos expertos en instalaciones necesarias para bombeo solar para regad\u00edo, trasvase o abastecimiento. Sin duda es el sistema que m\u00e1s r\u00e1pido se amortiza y es totalmente independiente de la red el\u00e9ctrica[&hellip;]<\/p>\n","protected":false},"author":1,"featured_media":0,"parent":0,"menu_order":18,"comment_status":"closed","ping_status":"closed","template":"elementor_theme","meta":{"footnotes":""},"class_list":["post-1646","page","type-page","status-publish","hentry"],"yoast_head":"<!-- This site is optimized with the Yoast SEO plugin v24.9 - https:\/\/yoast.com\/wordpress\/plugins\/seo\/ -->\n<title>Solar Energy Services | Electra Casado<\/title>\n<meta name=\"description\" content=\"Solar energy services: Installations of Solar Panels, Solar Pumping, Domotics and Automation, Integral Maintenance and Telecommunications.\" \/>\n<meta name=\"robots\" content=\"index, follow, max-snippet:-1, max-image-preview:large, max-video-preview:-1\" \/>\n<link rel=\"canonical\" href=\"https:\/\/electracasado.com\/en\/solar-energy-services\/\" \/>\n<meta property=\"og:locale\" content=\"en_US\" \/>\n<meta property=\"og:type\" content=\"article\" \/>\n<meta property=\"og:title\" content=\"Solar Energy Services | Electra Casado\" \/>\n<meta property=\"og:description\" content=\"Solar energy services: Installations of Solar Panels, Solar Pumping, Domotics and Automation, Integral Maintenance and Telecommunications.\" \/>\n<meta property=\"og:url\" content=\"https:\/\/electracasado.com\/en\/solar-energy-services\/\" \/>\n<meta property=\"og:site_name\" content=\"Electracasado\" \/>\n<meta property=\"article:publisher\" content=\"https:\/\/www.facebook.com\/ElectraCasado\" \/>\n<meta property=\"article:modified_time\" content=\"2024-09-30T07:06:58+00:00\" \/>\n<meta property=\"og:image\" content=\"https:\/\/electracasado.com\/wp-content\/uploads\/2018\/12\/paneles-solares_Electracasado-770x500.jpg\" \/>\n<meta name=\"twitter:card\" content=\"summary_large_image\" \/>\n<meta name=\"twitter:label1\" content=\"Est. reading time\" \/>\n\t<meta name=\"twitter:data1\" content=\"2 minutes\" \/>\n<script type=\"application\/ld+json\" class=\"yoast-schema-graph\">{\"@context\":\"https:\/\/schema.org\",\"@graph\":[{\"@type\":\"WebPage\",\"@id\":\"https:\/\/electracasado.com\/en\/solar-energy-services\/\",\"url\":\"https:\/\/electracasado.com\/en\/solar-energy-services\/\",\"name\":\"Solar Energy Services | Electra Casado\",\"isPartOf\":{\"@id\":\"https:\/\/electracasado.com\/#website\"},\"primaryImageOfPage\":{\"@id\":\"https:\/\/electracasado.com\/en\/solar-energy-services\/#primaryimage\"},\"image\":{\"@id\":\"https:\/\/electracasado.com\/en\/solar-energy-services\/#primaryimage\"},\"thumbnailUrl\":\"https:\/\/electracasado.com\/wp-content\/uploads\/2018\/12\/paneles-solares_Electracasado-770x500.jpg\",\"datePublished\":\"2023-06-09T07:55:37+00:00\",\"dateModified\":\"2024-09-30T07:06:58+00:00\",\"description\":\"Solar energy services: Installations of Solar Panels, Solar Pumping, Domotics and Automation, Integral Maintenance and Telecommunications.\",\"breadcrumb\":{\"@id\":\"https:\/\/electracasado.com\/en\/solar-energy-services\/#breadcrumb\"},\"inLanguage\":\"en-US\",\"potentialAction\":[{\"@type\":\"ReadAction\",\"target\":[\"https:\/\/electracasado.com\/en\/solar-energy-services\/\"]}]},{\"@type\":\"ImageObject\",\"inLanguage\":\"en-US\",\"@id\":\"https:\/\/electracasado.com\/en\/solar-energy-services\/#primaryimage\",\"url\":\"https:\/\/electracasado.com\/wp-content\/uploads\/2018\/12\/paneles-solares_Electracasado-770x500.jpg\",\"contentUrl\":\"https:\/\/electracasado.com\/wp-content\/uploads\/2018\/12\/paneles-solares_Electracasado-770x500.jpg\"},{\"@type\":\"BreadcrumbList\",\"@id\":\"https:\/\/electracasado.com\/en\/solar-energy-services\/#breadcrumb\",\"itemListElement\":[{\"@type\":\"ListItem\",\"position\":1,\"name\":\"Portada\",\"item\":\"https:\/\/electracasado.com\/en\/\"},{\"@type\":\"ListItem\",\"position\":2,\"name\":\"Services\"}]},{\"@type\":\"WebSite\",\"@id\":\"https:\/\/electracasado.com\/#website\",\"url\":\"https:\/\/electracasado.com\/\",\"name\":\"Electracasado\",\"description\":\"Montajes El\u00e9ctricos y Soluciones Solares\",\"publisher\":{\"@id\":\"https:\/\/electracasado.com\/#organization\"},\"potentialAction\":[{\"@type\":\"SearchAction\",\"target\":{\"@type\":\"EntryPoint\",\"urlTemplate\":\"https:\/\/electracasado.com\/?s={search_term_string}\"},\"query-input\":{\"@type\":\"PropertyValueSpecification\",\"valueRequired\":true,\"valueName\":\"search_term_string\"}}],\"inLanguage\":\"en-US\"},{\"@type\":\"Organization\",\"@id\":\"https:\/\/electracasado.com\/#organization\",\"name\":\"Electracasado\",\"url\":\"https:\/\/electracasado.com\/\",\"logo\":{\"@type\":\"ImageObject\",\"inLanguage\":\"en-US\",\"@id\":\"https:\/\/electracasado.com\/#\/schema\/logo\/image\/\",\"url\":\"https:\/\/electracasado.com\/wp-content\/uploads\/2023\/03\/electra-casado-uno_Mesa-de-trabajo-1-1.png\",\"contentUrl\":\"https:\/\/electracasado.com\/wp-content\/uploads\/2023\/03\/electra-casado-uno_Mesa-de-trabajo-1-1.png\",\"width\":985,\"height\":412,\"caption\":\"Electracasado\"},\"image\":{\"@id\":\"https:\/\/electracasado.com\/#\/schema\/logo\/image\/\"},\"sameAs\":[\"https:\/\/www.facebook.com\/ElectraCasado\",\"https:\/\/www.instagram.com\/electracasado_soluciones\/\"]}]}<\/script>\n<!-- \/ Yoast SEO plugin. -->","yoast_head_json":{"title":"Solar Energy Services | Electra Casado","description":"Solar energy services: Installations of Solar Panels, Solar Pumping, Domotics and Automation, Integral Maintenance and Telecommunications.","robots":{"index":"index","follow":"follow","max-snippet":"max-snippet:-1","max-image-preview":"max-image-preview:large","max-video-preview":"max-video-preview:-1"},"canonical":"https:\/\/electracasado.com\/en\/solar-energy-services\/","og_locale":"en_US","og_type":"article","og_title":"Solar Energy Services | Electra Casado","og_description":"Solar energy services: Installations of Solar Panels, Solar Pumping, Domotics and Automation, Integral Maintenance and Telecommunications.","og_url":"https:\/\/electracasado.com\/en\/solar-energy-services\/","og_site_name":"Electracasado","article_publisher":"https:\/\/www.facebook.com\/ElectraCasado","article_modified_time":"2024-09-30T07:06:58+00:00","og_image":[{"url":"https:\/\/electracasado.com\/wp-content\/uploads\/2018\/12\/paneles-solares_Electracasado-770x500.jpg","type":"","width":"","height":""}],"twitter_card":"summary_large_image","twitter_misc":{"Est. reading time":"2 minutes"},"schema":{"@context":"https:\/\/schema.org","@graph":[{"@type":"WebPage","@id":"https:\/\/electracasado.com\/en\/solar-energy-services\/","url":"https:\/\/electracasado.com\/en\/solar-energy-services\/","name":"Solar Energy Services | Electra Casado","isPartOf":{"@id":"https:\/\/electracasado.com\/#website"},"primaryImageOfPage":{"@id":"https:\/\/electracasado.com\/en\/solar-energy-services\/#primaryimage"},"image":{"@id":"https:\/\/electracasado.com\/en\/solar-energy-services\/#primaryimage"},"thumbnailUrl":"https:\/\/electracasado.com\/wp-content\/uploads\/2018\/12\/paneles-solares_Electracasado-770x500.jpg","datePublished":"2023-06-09T07:55:37+00:00","dateModified":"2024-09-30T07:06:58+00:00","description":"Solar energy services: Installations of Solar Panels, Solar Pumping, Domotics and Automation, Integral Maintenance and Telecommunications.","breadcrumb":{"@id":"https:\/\/electracasado.com\/en\/solar-energy-services\/#breadcrumb"},"inLanguage":"en-US","potentialAction":[{"@type":"ReadAction","target":["https:\/\/electracasado.com\/en\/solar-energy-services\/"]}]},{"@type":"ImageObject","inLanguage":"en-US","@id":"https:\/\/electracasado.com\/en\/solar-energy-services\/#primaryimage","url":"https:\/\/electracasado.com\/wp-content\/uploads\/2018\/12\/paneles-solares_Electracasado-770x500.jpg","contentUrl":"https:\/\/electracasado.com\/wp-content\/uploads\/2018\/12\/paneles-solares_Electracasado-770x500.jpg"},{"@type":"BreadcrumbList","@id":"https:\/\/electracasado.com\/en\/solar-energy-services\/#breadcrumb","itemListElement":[{"@type":"ListItem","position":1,"name":"Portada","item":"https:\/\/electracasado.com\/en\/"},{"@type":"ListItem","position":2,"name":"Services"}]},{"@type":"WebSite","@id":"https:\/\/electracasado.com\/#website","url":"https:\/\/electracasado.com\/","name":"Electracasado","description":"Montajes El\u00e9ctricos y Soluciones Solares","publisher":{"@id":"https:\/\/electracasado.com\/#organization"},"potentialAction":[{"@type":"SearchAction","target":{"@type":"EntryPoint","urlTemplate":"https:\/\/electracasado.com\/?s={search_term_string}"},"query-input":{"@type":"PropertyValueSpecification","valueRequired":true,"valueName":"search_term_string"}}],"inLanguage":"en-US"},{"@type":"Organization","@id":"https:\/\/electracasado.com\/#organization","name":"Electracasado","url":"https:\/\/electracasado.com\/","logo":{"@type":"ImageObject","inLanguage":"en-US","@id":"https:\/\/electracasado.com\/#\/schema\/logo\/image\/","url":"https:\/\/electracasado.com\/wp-content\/uploads\/2023\/03\/electra-casado-uno_Mesa-de-trabajo-1-1.png","contentUrl":"https:\/\/electracasado.com\/wp-content\/uploads\/2023\/03\/electra-casado-uno_Mesa-de-trabajo-1-1.png","width":985,"height":412,"caption":"Electracasado"},"image":{"@id":"https:\/\/electracasado.com\/#\/schema\/logo\/image\/"},"sameAs":["https:\/\/www.facebook.com\/ElectraCasado","https:\/\/www.instagram.com\/electracasado_soluciones\/"]}]}},"_links":{"self":[{"href":"https:\/\/electracasado.com\/en\/wp-json\/wp\/v2\/pages\/1646"}],"collection":[{"href":"https:\/\/electracasado.com\/en\/wp-json\/wp\/v2\/pages"}],"about":[{"href":"https:\/\/electracasado.com\/en\/wp-json\/wp\/v2\/types\/page"}],"author":[{"embeddable":true,"href":"https:\/\/electracasado.com\/en\/wp-json\/wp\/v2\/users\/1"}],"replies":[{"embeddable":true,"href":"https:\/\/electracasado.com\/en\/wp-json\/wp\/v2\/comments?post=1646"}],"version-history":[{"count":6,"href":"https:\/\/electracasado.com\/en\/wp-json\/wp\/v2\/pages\/1646\/revisions"}],"predecessor-version":[{"id":2111,"href":"https:\/\/electracasado.com\/en\/wp-json\/wp\/v2\/pages\/1646\/revisions\/2111"}],"wp:attachment":[{"href":"https:\/\/electracasado.com\/en\/wp-json\/wp\/v2\/media?parent=1646"}],"curies":[{"name":"wp","href":"https:\/\/api.w.org\/{rel}","templated":true}]}}